{"id":15066,"date":"2020-04-24T21:59:33","date_gmt":"2020-04-25T02:59:33","guid":{"rendered":"http:\/\/clinicalamerced.com\/co\/covid-19-2\/"},"modified":"2020-11-03T12:32:18","modified_gmt":"2020-11-03T17:32:18","slug":"sg-sst","status":"publish","type":"page","link":"https:\/\/clinicalamerced.com\/co\/sg-sst\/","title":{"rendered":"SG-SST"},"content":{"rendered":"<div id=\"cmsmasters_row_zbm99u7y1\" class=\"cmsmasters_row cmsmasters_color_scheme_default cmsmasters_row_top_default cmsmasters_row_bot_default cmsmasters_row_fullwidth\">\n<div class=\"cmsmasters_row_outer_parent\">\n<div class=\"cmsmasters_row_outer\">\n<div class=\"cmsmasters_row_inner cmsmasters_row_fullwidth\">\n<div class=\"cmsmasters_row_margin\">\n<div id=\"cmsmasters_column_e2p1skc7n9\" class=\"cmsmasters_column one_first\">\n<div class=\"cmsmasters_column_inner\">\n<div class=\"cmsmasters_slider\">\n\t\t\t<!-- START Cont\u00e1ctenos REVOLUTION SLIDER 6.7.18 --><p class=\"rs-p-wp-fix\"><\/p>\n\t\t\t<rs-module-wrap id=\"rev_slider_6_1_wrapper\" data-source=\"gallery\" style=\"visibility:hidden;background:transparent;padding:0;margin:0px auto;margin-top:0;margin-bottom:0;\">\n\t\t\t\t<rs-module id=\"rev_slider_6_1\" style=\"\" data-version=\"6.7.18\">\n\t\t\t\t\t<rs-slides style=\"overflow: hidden; position: absolute;\">\n\t\t\t\t\t\t<rs-slide style=\"position: absolute;\" data-key=\"rs-16\" data-title=\"Slide\" data-thumb=\"\/\/clinicalamerced.com\/co\/wp-content\/uploads\/2020\/02\/DATOS-PERSONALES-100x50.jpg\" data-link=\"\/\/clinicalamerced.montesyco.com\/wp-content\/uploads\/2019\/12\/politica-de-datos.pdf\" data-tag=\"l\" data-target=\"_blank\" data-seoz=\"front\" data-anim=\"adpr:false;\">\n\t\t\t\t\t\t\t<img decoding=\"async\" src=\"\/\/clinicalamerced.com\/co\/wp-content\/plugins\/revslider\/sr6\/assets\/assets\/dummy.png\" alt=\"\" title=\"SG-SST\" class=\"rev-slidebg tp-rs-img rs-lazyload\" data-lazyload=\"\/\/clinicalamerced.com\/co\/wp-content\/uploads\/2020\/02\/DATOS-PERSONALES.jpg\" data-parallax=\"off\" data-no-retina>\n<!---->\t\t\t\t\t<\/rs-slide>\n\t\t\t\t\t\t<rs-slide style=\"position: absolute;\" data-key=\"rs-19\" data-title=\"Slide\" data-thumb=\"\/\/clinicalamerced.com\/co\/wp-content\/uploads\/2020\/02\/llamanos-100x50.jpg\" data-anim=\"adpr:false;\">\n\t\t\t\t\t\t\t<img decoding=\"async\" src=\"\/\/clinicalamerced.com\/co\/wp-content\/plugins\/revslider\/sr6\/assets\/assets\/dummy.png\" alt=\"\" title=\"SG-SST\" class=\"rev-slidebg tp-rs-img rs-lazyload\" data-lazyload=\"\/\/clinicalamerced.com\/co\/wp-content\/uploads\/2020\/02\/llamanos.jpg\" data-parallax=\"off\" data-no-retina>\n<!---->\t\t\t\t\t<\/rs-slide>\n\t\t\t\t\t\t<rs-slide style=\"position: absolute;\" data-key=\"rs-18\" data-title=\"Slide\" data-thumb=\"\/\/clinicalamerced.com\/co\/wp-content\/uploads\/2021\/04\/banner-especialista-100x50.jpg\" data-link=\"\/\/api.whatsapp.com\/send?phone=573206627281&text=Solicitud de cita\" data-tag=\"l\" data-target=\"_blank\" data-seoz=\"front\" data-anim=\"ms:600;r:0;\" data-in=\"o:0;\" data-out=\"a:false;\">\n\t\t\t\t\t\t\t<img decoding=\"async\" src=\"\/\/clinicalamerced.com\/co\/wp-content\/plugins\/revslider\/sr6\/assets\/assets\/dummy.png\" alt=\"\" title=\"banner especialista\" width=\"1583\" height=\"699\" class=\"rev-slidebg tp-rs-img rs-lazyload\" data-lazyload=\"\/\/clinicalamerced.com\/co\/wp-content\/uploads\/2021\/04\/banner-especialista.jpg\" data-bg=\"p:0% 70%;\" data-parallax=\"off\" data-no-retina>\n<!---->\t\t\t\t\t<\/rs-slide>\n\t\t\t\t\t\t<rs-slide style=\"position: absolute;\" data-key=\"rs-20\" data-title=\"Slide\" data-thumb=\"\/\/clinicalamerced.com\/co\/wp-content\/uploads\/2020\/02\/REDES-100x50.jpg\" data-anim=\"adpr:false;\">\n\t\t\t\t\t\t\t<img decoding=\"async\" src=\"\/\/clinicalamerced.com\/co\/wp-content\/plugins\/revslider\/sr6\/assets\/assets\/dummy.png\" alt=\"\" title=\"SG-SST\" class=\"rev-slidebg tp-rs-img rs-lazyload\" data-lazyload=\"\/\/clinicalamerced.com\/co\/wp-content\/uploads\/2020\/02\/REDES.jpg\" data-bg=\"p:0% 70%;\" data-parallax=\"off\" data-no-retina>\n<!---->\t\t\t\t\t<\/rs-slide>\n\t\t\t\t\t<\/rs-slides>\n\t\t\t\t<\/rs-module>\n\t\t\t\t<script>\n\t\t\t\t\tsetREVStartSize({c: 'rev_slider_6_1',rl:[1240,1024,778,480],el:[600],gw:[1240],gh:[600],type:'standard',justify:'',layout:'fullwidth',mh:\"0\"});if (window.RS_MODULES!==undefined && window.RS_MODULES.modules!==undefined && window.RS_MODULES.modules[\"revslider61\"]!==undefined) {window.RS_MODULES.modules[\"revslider61\"].once = false;window.revapi6 = undefined;if (window.RS_MODULES.checkMinimal!==undefined) window.RS_MODULES.checkMinimal()}\n\t\t\t\t<\/script>\n\t\t\t<\/rs-module-wrap>\n\t\t\t<!-- END REVOLUTION SLIDER -->\n<\/div>\n<\/div><\/div>\n<\/div>\n<\/div>\n<\/div>\n<\/div>\n<\/div>\n<div id=\"cmsmasters_row_nfbmt8m2ln\" class=\"cmsmasters_row cmsmasters_color_scheme_default cmsmasters_row_top_default cmsmasters_row_bot_default cmsmasters_row_boxed\">\n<div class=\"cmsmasters_row_outer_parent\">\n<div class=\"cmsmasters_row_outer\">\n<div class=\"cmsmasters_row_inner\">\n<div class=\"cmsmasters_row_margin\">\n<div id=\"cmsmasters_column_j7kgzfj95\" class=\"cmsmasters_column one_first\">\n<div class=\"cmsmasters_column_inner\">\n<div id=\"cmsmasters_divider_ukrilcr8s\" class=\"cl\"><\/div>\n<\/div><\/div>\n<\/div>\n<\/div>\n<\/div>\n<\/div>\n<\/div>\n<div id=\"cmsmasters_row_pe6uql5rmf\" class=\"cmsmasters_row cmsmasters_color_scheme_default cmsmasters_row_top_default cmsmasters_row_bot_default cmsmasters_row_boxed\">\n<div class=\"cmsmasters_row_outer_parent\">\n<div class=\"cmsmasters_row_outer\">\n<div class=\"cmsmasters_row_inner\">\n<div class=\"cmsmasters_row_margin\">\n<div id=\"cmsmasters_column_hmom9opvt\" class=\"cmsmasters_column one_half\">\n<div class=\"cmsmasters_column_inner\"><div class=\"aligncenter\"><div class=\"cmsmasters_img  cmsmasters_image_c\"><a href=\"http:\/\/clinicalamerced.com\/co\/wp-content\/uploads\/2020\/07\/F-CAL-04-ACTA-DE-REUNION-SEMANA-6.pdf\" target=\"_blank\"><img decoding=\"async\" src=\"https:\/\/clinicalamerced.com\/co\/wp-content\/uploads\/2020\/07\/03-07-2020-234x300.png\" \/><\/a><\/div><\/div>\n<\/div><\/div>\n<div id=\"cmsmasters_column_gziz0o0lmk\" class=\"cmsmasters_column one_half\">\n<div class=\"cmsmasters_column_inner\"><div id=\"cmsmasters_fb_tt8szktpbh\" class=\"cmsmasters_featured_block\">\n<div class=\"featured_block_inner\">\n<div class=\"featured_block_text\">\n<h2 style=\"text-align: center;\">Reuni\u00f3n 03 de Julio 2020<\/h2>\n<p>-Socializaci\u00f3n de porcentaje de cumplimiento de las medidas de bioseguridad.<\/p>\n<p>-Revisi\u00f3n de compromisos planteados resultado de la lista de verificaci\u00f3n.<\/p>\n<p>&#8211; Caracterizaci\u00f3n de empleados de acuerdo al riesgo de exposici\u00f3n.<\/p>\n<p>&#8211; Apoyo de la administradora de riesgos laborales en la entrega de EPP.<\/p>\n<p>&#8211; Relaci\u00f3n de empleados aislados y confirmados.<\/p>\n\n<\/div>\n<\/div>\n<\/div>\n<\/div><\/div>\n<\/div>\n<\/div>\n<\/div>\n<\/div>\n<\/div>\n<div id=\"cmsmasters_row_gl4fwuk6zb\" class=\"cmsmasters_row cmsmasters_color_scheme_default cmsmasters_row_top_default cmsmasters_row_bot_default cmsmasters_row_boxed\">\n<div class=\"cmsmasters_row_outer_parent\">\n<div class=\"cmsmasters_row_outer\">\n<div class=\"cmsmasters_row_inner\">\n<div class=\"cmsmasters_row_margin\">\n<div id=\"cmsmasters_column_cxmak7buy\" class=\"cmsmasters_column one_half\">\n<div class=\"cmsmasters_column_inner\"><div class=\"aligncenter\"><div class=\"cmsmasters_img  cmsmasters_image_c\"><a href=\"http:\/\/clinicalamerced.com\/co\/wp-content\/uploads\/2020\/07\/F-CAL-04-ACTA-DE-REUNION-SEMANA-7-.pdf\" target=\"_blank\"><img decoding=\"async\" src=\"https:\/\/clinicalamerced.com\/co\/wp-content\/uploads\/2020\/07\/10-07-2020-235x300.png\" \/><\/a><\/div><\/div>\n<\/div><\/div>\n<div id=\"cmsmasters_column_cjlpqs3fr1\" class=\"cmsmasters_column one_half\">\n<div class=\"cmsmasters_column_inner\"><div id=\"cmsmasters_fb_4u0fvce4im\" class=\"cmsmasters_featured_block\">\n<div class=\"featured_block_inner\">\n<div class=\"featured_block_text\">\n<h2 style=\"text-align: center;\">Reuni\u00f3n 10 de Julio 2020<\/h2>\n<p>-Socializaci\u00f3n de porcentaje de cumplimiento de las medidas de bioseguridad.<\/p>\n<p>-Revisi\u00f3n de compromisos planteados resultado de la lista de verificaci\u00f3n.<\/p>\n<p>&#8211; Caracterizaci\u00f3n de empleados de acuerdo al riesgo de exposici\u00f3n.<\/p>\n<p>&#8211; Apoyo de la administradora de riesgos laborales en la entrega de EPP.<\/p>\n<p>&#8211; Relaci\u00f3n de empleados aislados y confirmados.<\/p>\n\n<\/div>\n<\/div>\n<\/div>\n<\/div><\/div>\n<\/div>\n<\/div>\n<\/div>\n<\/div>\n<\/div>\n<div id=\"cmsmasters_row_7pjl8ynx5k\" class=\"cmsmasters_row cmsmasters_color_scheme_default cmsmasters_row_top_default cmsmasters_row_bot_default cmsmasters_row_boxed\">\n<div class=\"cmsmasters_row_outer_parent\">\n<div class=\"cmsmasters_row_outer\">\n<div class=\"cmsmasters_row_inner\">\n<div class=\"cmsmasters_row_margin\">\n<div id=\"cmsmasters_column_v4hc59y6g\" class=\"cmsmasters_column one_half\">\n<div class=\"cmsmasters_column_inner\"><div class=\"aligncenter\"><div class=\"cmsmasters_img  cmsmasters_image_c\"><a href=\"http:\/\/clinicalamerced.com\/co\/wp-content\/uploads\/2020\/07\/Acta-copasst-16-Julio-2020-1.pdf\" target=\"_blank\"><img decoding=\"async\" src=\"\" \/><\/a><\/div><\/div>\n<\/div><\/div>\n<div id=\"cmsmasters_column_p61m7m2ori\" class=\"cmsmasters_column one_half\">\n<div class=\"cmsmasters_column_inner\"><div id=\"cmsmasters_fb_xdhqrvkkh5\" class=\"cmsmasters_featured_block\">\n<div class=\"featured_block_inner\">\n<div class=\"featured_block_text\">\n<h2 style=\"text-align: center;\">Reuni\u00f3n 16 de Julio 2020<\/h2>\n<p>-COPASST &#8211; Ministerio de Trabajo.<\/p>\n\n<\/div>\n<\/div>\n<\/div>\n<\/div><\/div>\n<\/div>\n<\/div>\n<\/div>\n<\/div>\n<\/div>\n<div id=\"cmsmasters_row_9wid49w9v\" class=\"cmsmasters_row cmsmasters_color_scheme_default cmsmasters_row_top_default cmsmasters_row_bot_default cmsmasters_row_boxed\">\n<div class=\"cmsmasters_row_outer_parent\">\n<div class=\"cmsmasters_row_outer\">\n<div class=\"cmsmasters_row_inner\">\n<div class=\"cmsmasters_row_margin\">\n<div id=\"cmsmasters_column_ed7g5n86s\" class=\"cmsmasters_column one_half\">\n<div class=\"cmsmasters_column_inner\"><div class=\"aligncenter\"><div class=\"cmsmasters_img  cmsmasters_image_c\"><a href=\"http:\/\/clinicalamerced.com\/co\/wp-content\/uploads\/2020\/07\/F-CAL-04-ACTA-DE-REUNION-SEMANA-8....-1.pdf\" target=\"_blank\"><img decoding=\"async\" src=\"https:\/\/clinicalamerced.com\/co\/wp-content\/uploads\/2020\/07\/17-07-2020-240x300.png\" \/><\/a><\/div><\/div>\n<\/div><\/div>\n<div id=\"cmsmasters_column_fuh4ccrkx\" class=\"cmsmasters_column one_half\">\n<div class=\"cmsmasters_column_inner\"><div id=\"cmsmasters_fb_aztqsr6ndm\" class=\"cmsmasters_featured_block\">\n<div class=\"featured_block_inner\">\n<div class=\"featured_block_text\">\n<h2 style=\"text-align: center;\">Reuni\u00f3n 17 de Julio 2020<\/h2>\n<p>-Socializaci\u00f3n de porcentaje de cumplimiento de las medidas de bioseguridad.<\/p>\n<p>-Revisi\u00f3n de compromisos planteados resultado de la lista de verificaci\u00f3n.<\/p>\n<p>&#8211; Caracterizaci\u00f3n de empleados de acuerdo al riesgo de exposici\u00f3n.<\/p>\n<p>&#8211; Apoyo de la administradora de riesgos laborales en la entrega de EPP.<\/p>\n<p>&#8211; Relaci\u00f3n de empleados aislados y confirmados.<\/p>\n\n<\/div>\n<\/div>\n<\/div>\n<\/div><\/div>\n<\/div>\n<\/div>\n<\/div>\n<\/div>\n<\/div>\n<div id=\"cmsmasters_row_8c78wlf1fj\" class=\"cmsmasters_row cmsmasters_color_scheme_default cmsmasters_row_top_default cmsmasters_row_bot_default cmsmasters_row_boxed\">\n<div class=\"cmsmasters_row_outer_parent\">\n<div class=\"cmsmasters_row_outer\">\n<div class=\"cmsmasters_row_inner\">\n<div class=\"cmsmasters_row_margin\">\n<div id=\"cmsmasters_column_37jse78a1g\" class=\"cmsmasters_column one_half\">\n<div class=\"cmsmasters_column_inner\"><div class=\"aligncenter\"><div class=\"cmsmasters_img  cmsmasters_image_c\"><a href=\"http:\/\/clinicalamerced.com\/co\/wp-content\/uploads\/2020\/08\/F-CAL-04-ACTA-DE-REUNION-SEMANA-9.pdf\" target=\"_blank\"><img decoding=\"async\" src=\"https:\/\/clinicalamerced.com\/co\/wp-content\/uploads\/2020\/08\/Acta-24-07-2020-La-Merced-231x300.png\" \/><\/a><\/div><\/div>\n<\/div><\/div>\n<div id=\"cmsmasters_column_i0ievsnoad\" class=\"cmsmasters_column one_half\">\n<div class=\"cmsmasters_column_inner\"><div id=\"cmsmasters_fb_ip69onbmw\" class=\"cmsmasters_featured_block\">\n<div class=\"featured_block_inner\">\n<div class=\"featured_block_text\">\n<h2 style=\"text-align: center;\">Reuni\u00f3n 24 de Julio 2020<\/h2>\n<p>-Socializaci\u00f3n de porcentaje de cumplimiento de las medidas de bioseguridad.<\/p>\n<p>-Revisi\u00f3n de compromisos planteados resultado de la lista de verificaci\u00f3n.<\/p>\n<p>&#8211; Caracterizaci\u00f3n de empleados de acuerdo al riesgo de exposici\u00f3n.<\/p>\n<p>&#8211; Apoyo de la administradora de riesgos laborales en la entrega de EPP.<\/p>\n<p>&#8211; Relaci\u00f3n de empleados aislados y confirmados.<\/p>\n<p>-Revisi\u00f3n de la lista de chequeo de la resoluci\u00f3n 1155 de 2020.<\/p>\n<p>-Socializaci\u00f3n del lineamiento para el uso de pruebas moleculares RT-PCR, pruebas de ant\u00edgeno y pruebas serol\u00f3gicas para SARS-CoV-2 en Colombia Versi\u00f3n 05.<\/p>\n<p>-Verificaci\u00f3n de kit de elementos de protecci\u00f3n personal de acuerdo a resoluci\u00f3n 1155 de 2020.<\/p>\n\n<\/div>\n<\/div>\n<\/div>\n<\/div><\/div>\n<\/div>\n<\/div>\n<\/div>\n<\/div>\n<\/div>\n<div id=\"cmsmasters_row_i1l6h0to0c\" class=\"cmsmasters_row cmsmasters_color_scheme_default cmsmasters_row_top_default cmsmasters_row_bot_default cmsmasters_row_boxed\">\n<div class=\"cmsmasters_row_outer_parent\">\n<div class=\"cmsmasters_row_outer\">\n<div class=\"cmsmasters_row_inner\">\n<div class=\"cmsmasters_row_margin\">\n<div id=\"cmsmasters_column_18rjaqkxlc\" class=\"cmsmasters_column one_half\">\n<div class=\"cmsmasters_column_inner\"><div class=\"aligncenter\"><div class=\"cmsmasters_img  cmsmasters_image_c\"><a href=\"http:\/\/clinicalamerced.com\/co\/wp-content\/uploads\/2020\/08\/F-CAL-04-ACTA-DE-REUNION-SEMANA-11.pdf\" target=\"_blank\"><img decoding=\"async\" src=\"https:\/\/clinicalamerced.com\/co\/wp-content\/uploads\/2020\/08\/Acta-06-08-2020-La-Merced-231x300.png\" \/><\/a><\/div><\/div>\n<\/div><\/div>\n<div id=\"cmsmasters_column_tgfot9cqoh\" class=\"cmsmasters_column one_half\">\n<div class=\"cmsmasters_column_inner\"><div id=\"cmsmasters_fb_czk8l9815\" class=\"cmsmasters_featured_block\">\n<div class=\"featured_block_inner\">\n<div class=\"featured_block_text\">\n<h2 style=\"text-align: center;\">Reuni\u00f3n\u00a0 06 de Agosto 2020<\/h2>\n<p>-Socializaci\u00f3n de porcentaje de cumplimiento de las medidas de bioseguridad.<\/p>\n<p>-Revisi\u00f3n de compromisos planteados resultado de la lista de verificaci\u00f3n.<\/p>\n<p>&#8211; Caracterizaci\u00f3n de empleados de acuerdo al riesgo de exposici\u00f3n.<\/p>\n<p>&#8211; Apoyo de la administradora de riesgos laborales en la entrega de EPP.<\/p>\n<p>&#8211; Relaci\u00f3n de empleados aislados y confirmados.<\/p>\n\n<\/div>\n<\/div>\n<\/div>\n<\/div><\/div>\n<\/div>\n<\/div>\n<\/div>\n<\/div>\n<\/div>\n<div id=\"cmsmasters_row_xtyi6boop\" class=\"cmsmasters_row cmsmasters_color_scheme_default cmsmasters_row_top_default cmsmasters_row_bot_default cmsmasters_row_boxed\">\n<div class=\"cmsmasters_row_outer_parent\">\n<div class=\"cmsmasters_row_outer\">\n<div class=\"cmsmasters_row_inner\">\n<div class=\"cmsmasters_row_margin\">\n<div id=\"cmsmasters_column_09ghkvm0d4\" class=\"cmsmasters_column one_half\">\n<div class=\"cmsmasters_column_inner\"><div class=\"aligncenter\"><div class=\"cmsmasters_img  cmsmasters_image_c\"><a href=\"http:\/\/clinicalamerced.com\/co\/wp-content\/uploads\/2020\/08\/F-CAL-04-ACTA-DE-REUNION-SEMANA-12.pdf\" target=\"_blank\"><img decoding=\"async\" src=\"https:\/\/clinicalamerced.com\/co\/wp-content\/uploads\/2020\/08\/Acta-16-08-2020-231x300.jpg\" \/><\/a><\/div><\/div>\n<\/div><\/div>\n<div id=\"cmsmasters_column_lzrmzkrqm\" class=\"cmsmasters_column one_half\">\n<div class=\"cmsmasters_column_inner\"><div id=\"cmsmasters_fb_g0n4pc67f5\" class=\"cmsmasters_featured_block\">\n<div class=\"featured_block_inner\">\n<div class=\"featured_block_text\">\n<h2 style=\"text-align: center;\">Reuni\u00f3n\u00a0 16 de Agosto 2020<\/h2>\n<p>-Socializaci\u00f3n de porcentaje de cumplimiento de las medidas de bioseguridad.<\/p>\n<p>-Revisi\u00f3n de compromisos planteados resultado de la lista de verificaci\u00f3n.<\/p>\n<p>&#8211; Caracterizaci\u00f3n de empleados de acuerdo al riesgo de exposici\u00f3n.<\/p>\n<p>&#8211; Apoyo de la administradora de riesgos laborales en la entrega de EPP.<\/p>\n<p>&#8211; Relaci\u00f3n de empleados aislados y confirmados.<\/p>\n\n<\/div>\n<\/div>\n<\/div>\n<\/div><\/div>\n<\/div>\n<\/div>\n<\/div>\n<\/div>\n<\/div>\n<div id=\"cmsmasters_row_wdogod8feg\" class=\"cmsmasters_row cmsmasters_color_scheme_default cmsmasters_row_top_default cmsmasters_row_bot_default cmsmasters_row_boxed\">\n<div class=\"cmsmasters_row_outer_parent\">\n<div class=\"cmsmasters_row_outer\">\n<div class=\"cmsmasters_row_inner\">\n<div class=\"cmsmasters_row_margin\">\n<div id=\"cmsmasters_column_meofl2hdt5\" class=\"cmsmasters_column one_half\">\n<div class=\"cmsmasters_column_inner\"><div class=\"aligncenter\"><div class=\"cmsmasters_img  cmsmasters_image_c\"><a href=\"http:\/\/clinicalamerced.com\/co\/wp-content\/uploads\/2020\/11\/acta-de-reunion-copasst-octubre.pdf\" target=\"_blank\"><img decoding=\"async\" src=\"https:\/\/clinicalamerced.com\/co\/wp-content\/uploads\/2020\/11\/Acta-Copasst-Octubre-230x300.png\" \/><\/a><\/div><\/div>\n<\/div><\/div>\n<div id=\"cmsmasters_column_wvr77dvwfl\" class=\"cmsmasters_column one_half\">\n<div class=\"cmsmasters_column_inner\"><div id=\"cmsmasters_fb_8vbsihcbe6\" class=\"cmsmasters_featured_block\">\n<div class=\"featured_block_inner\">\n<div class=\"featured_block_text\">\n<h2 style=\"text-align: center;\">Reuni\u00f3n\u00a0 30 de Octubre 2020<\/h2>\n<p>-Revisi\u00f3n de Planes de Acci\u00f3n.<\/p>\n<p>-Entrega de EPP por ARL Sura.<\/p>\n<p>-Casos Positivos Actuales y Sospechosos.<\/p>\n\n<\/div>\n<\/div>\n<\/div>\n<\/div><\/div>\n<\/div>\n<\/div>\n<\/div>\n<\/div>\n<\/div>\n\n","protected":false},"excerpt":{"rendered":"","protected":false},"author":1,"featured_media":0,"parent":0,"menu_order":0,"comment_status":"closed","ping_status":"closed","template":"","meta":{"footnotes":""},"class_list":["post-15066","page","type-page","status-publish","hentry"],"yoast_head":"<!-- This site is optimized with the Yoast SEO plugin v27.2 - https:\/\/yoast.com\/product\/yoast-seo-wordpress\/ -->\n<title>SG-SST - Clinica La Merced<\/title>\n<meta name=\"robots\" content=\"index, follow, max-snippet:-1, max-image-preview:large, max-video-preview:-1\" \/>\n<link rel=\"canonical\" href=\"https:\/\/clinicalamerced.com\/co\/sg-sst\/\" \/>\n<meta property=\"og:locale\" content=\"es_ES\" \/>\n<meta property=\"og:type\" content=\"article\" \/>\n<meta property=\"og:title\" content=\"SG-SST - Clinica La Merced\" \/>\n<meta property=\"og:url\" content=\"https:\/\/clinicalamerced.com\/co\/sg-sst\/\" \/>\n<meta property=\"og:site_name\" content=\"Clinica La Merced\" \/>\n<meta property=\"article:modified_time\" content=\"2020-11-03T17:32:18+00:00\" \/>\n<meta name=\"twitter:card\" content=\"summary_large_image\" \/>\n<meta name=\"twitter:label1\" content=\"Tiempo de lectura\" \/>\n\t<meta name=\"twitter:data1\" content=\"12 minutos\" \/>\n<script type=\"application\/ld+json\" class=\"yoast-schema-graph\">{\"@context\":\"https:\/\/schema.org\",\"@graph\":[{\"@type\":\"WebPage\",\"@id\":\"https:\/\/clinicalamerced.com\/co\/sg-sst\/\",\"url\":\"https:\/\/clinicalamerced.com\/co\/sg-sst\/\",\"name\":\"SG-SST - Clinica La Merced\",\"isPartOf\":{\"@id\":\"https:\/\/clinicalamerced.com\/co\/#website\"},\"datePublished\":\"2020-04-25T02:59:33+00:00\",\"dateModified\":\"2020-11-03T17:32:18+00:00\",\"breadcrumb\":{\"@id\":\"https:\/\/clinicalamerced.com\/co\/sg-sst\/#breadcrumb\"},\"inLanguage\":\"es\",\"potentialAction\":[{\"@type\":\"ReadAction\",\"target\":[\"https:\/\/clinicalamerced.com\/co\/sg-sst\/\"]}]},{\"@type\":\"BreadcrumbList\",\"@id\":\"https:\/\/clinicalamerced.com\/co\/sg-sst\/#breadcrumb\",\"itemListElement\":[{\"@type\":\"ListItem\",\"position\":1,\"name\":\"Portada\",\"item\":\"https:\/\/clinicalamerced.com\/co\/\"},{\"@type\":\"ListItem\",\"position\":2,\"name\":\"SG-SST\"}]},{\"@type\":\"WebSite\",\"@id\":\"https:\/\/clinicalamerced.com\/co\/#website\",\"url\":\"https:\/\/clinicalamerced.com\/co\/\",\"name\":\"Clinica La Merced\",\"description\":\"La Cl\u00ednica fundamenta su accionar en una excelente calidad, basada en la normatividad legal vigente.\",\"potentialAction\":[{\"@type\":\"SearchAction\",\"target\":{\"@type\":\"EntryPoint\",\"urlTemplate\":\"https:\/\/clinicalamerced.com\/co\/?s={search_term_string}\"},\"query-input\":{\"@type\":\"PropertyValueSpecification\",\"valueRequired\":true,\"valueName\":\"search_term_string\"}}],\"inLanguage\":\"es\"}]}<\/script>\n<!-- \/ Yoast SEO plugin. -->","yoast_head_json":{"title":"SG-SST - Clinica La Merced","robots":{"index":"index","follow":"follow","max-snippet":"max-snippet:-1","max-image-preview":"max-image-preview:large","max-video-preview":"max-video-preview:-1"},"canonical":"https:\/\/clinicalamerced.com\/co\/sg-sst\/","og_locale":"es_ES","og_type":"article","og_title":"SG-SST - Clinica La Merced","og_url":"https:\/\/clinicalamerced.com\/co\/sg-sst\/","og_site_name":"Clinica La Merced","article_modified_time":"2020-11-03T17:32:18+00:00","twitter_card":"summary_large_image","twitter_misc":{"Tiempo de lectura":"12 minutos"},"schema":{"@context":"https:\/\/schema.org","@graph":[{"@type":"WebPage","@id":"https:\/\/clinicalamerced.com\/co\/sg-sst\/","url":"https:\/\/clinicalamerced.com\/co\/sg-sst\/","name":"SG-SST - Clinica La Merced","isPartOf":{"@id":"https:\/\/clinicalamerced.com\/co\/#website"},"datePublished":"2020-04-25T02:59:33+00:00","dateModified":"2020-11-03T17:32:18+00:00","breadcrumb":{"@id":"https:\/\/clinicalamerced.com\/co\/sg-sst\/#breadcrumb"},"inLanguage":"es","potentialAction":[{"@type":"ReadAction","target":["https:\/\/clinicalamerced.com\/co\/sg-sst\/"]}]},{"@type":"BreadcrumbList","@id":"https:\/\/clinicalamerced.com\/co\/sg-sst\/#breadcrumb","itemListElement":[{"@type":"ListItem","position":1,"name":"Portada","item":"https:\/\/clinicalamerced.com\/co\/"},{"@type":"ListItem","position":2,"name":"SG-SST"}]},{"@type":"WebSite","@id":"https:\/\/clinicalamerced.com\/co\/#website","url":"https:\/\/clinicalamerced.com\/co\/","name":"Clinica La Merced","description":"La Cl\u00ednica fundamenta su accionar en una excelente calidad, basada en la normatividad legal vigente.","potentialAction":[{"@type":"SearchAction","target":{"@type":"EntryPoint","urlTemplate":"https:\/\/clinicalamerced.com\/co\/?s={search_term_string}"},"query-input":{"@type":"PropertyValueSpecification","valueRequired":true,"valueName":"search_term_string"}}],"inLanguage":"es"}]}},"_links":{"self":[{"href":"https:\/\/clinicalamerced.com\/co\/wp-json\/wp\/v2\/pages\/15066","targetHints":{"allow":["GET"]}}],"collection":[{"href":"https:\/\/clinicalamerced.com\/co\/wp-json\/wp\/v2\/pages"}],"about":[{"href":"https:\/\/clinicalamerced.com\/co\/wp-json\/wp\/v2\/types\/page"}],"author":[{"embeddable":true,"href":"https:\/\/clinicalamerced.com\/co\/wp-json\/wp\/v2\/users\/1"}],"replies":[{"embeddable":true,"href":"https:\/\/clinicalamerced.com\/co\/wp-json\/wp\/v2\/comments?post=15066"}],"version-history":[{"count":0,"href":"https:\/\/clinicalamerced.com\/co\/wp-json\/wp\/v2\/pages\/15066\/revisions"}],"wp:attachment":[{"href":"https:\/\/clinicalamerced.com\/co\/wp-json\/wp\/v2\/media?parent=15066"}],"curies":[{"name":"wp","href":"https:\/\/api.w.org\/{rel}","templated":true}]}}