{"id":14418,"date":"2017-01-18T08:37:53","date_gmt":"2017-01-18T13:37:53","guid":{"rendered":"http:\/\/clinicalamerced.montesyco.com\/inicio-3\/"},"modified":"2023-06-16T16:05:40","modified_gmt":"2023-06-16T21:05:40","slug":"cita","status":"publish","type":"page","link":"https:\/\/clinicalamerced.com\/co\/cita\/","title":{"rendered":"Solicita tu cita aqu\u00ed"},"content":{"rendered":"<p>&nbsp;<\/p>\n<p>&nbsp;<\/p>\n<p>&nbsp;<\/p>\n<p><img loading=\"lazy\" decoding=\"async\" class=\"aligncenter wp-image-15590 size-full\" src=\"https:\/\/clinicalamerced.com\/co\/wp-content\/uploads\/2023\/06\/BANNER-WEB-ISA-VF.png\" alt=\"\" width=\"1920\" height=\"680\" srcset=\"https:\/\/clinicalamerced.com\/co\/wp-content\/uploads\/2023\/06\/BANNER-WEB-ISA-VF.png 1920w, https:\/\/clinicalamerced.com\/co\/wp-content\/uploads\/2023\/06\/BANNER-WEB-ISA-VF-300x106.png 300w, https:\/\/clinicalamerced.com\/co\/wp-content\/uploads\/2023\/06\/BANNER-WEB-ISA-VF-1024x363.png 1024w, https:\/\/clinicalamerced.com\/co\/wp-content\/uploads\/2023\/06\/BANNER-WEB-ISA-VF-768x272.png 768w, https:\/\/clinicalamerced.com\/co\/wp-content\/uploads\/2023\/06\/BANNER-WEB-ISA-VF-1536x544.png 1536w, https:\/\/clinicalamerced.com\/co\/wp-content\/uploads\/2023\/06\/BANNER-WEB-ISA-VF-580x205.png 580w, https:\/\/clinicalamerced.com\/co\/wp-content\/uploads\/2023\/06\/BANNER-WEB-ISA-VF-860x305.png 860w, https:\/\/clinicalamerced.com\/co\/wp-content\/uploads\/2023\/06\/BANNER-WEB-ISA-VF-1160x411.png 1160w, https:\/\/clinicalamerced.com\/co\/wp-content\/uploads\/2023\/06\/BANNER-WEB-ISA-VF-600x213.png 600w\" sizes=\"auto, (max-width: 1920px) 100vw, 1920px\" \/><\/p>\n<div id=\"cmsmasters_row_4u6hz33kv\" class=\"cmsmasters_row cmsmasters_color_scheme_default cmsmasters_row_top_default cmsmasters_row_bot_default cmsmasters_row_boxed\">\n<div class=\"cmsmasters_row_outer_parent\">\n<div class=\"cmsmasters_row_outer\">\n<div class=\"cmsmasters_row_inner\">\n<div class=\"cmsmasters_row_margin\">\n<div id=\"cmsmasters_column_iw7x380vbj\" class=\"cmsmasters_column one_first\">\n<div class=\"cmsmasters_column_inner\">\n<div id=\"cmsmasters_divider_cqq7kyzgok\" class=\"cl\"><\/div>\n<\/div><\/div>\n<\/div>\n<\/div>\n<\/div>\n<\/div>\n<\/div>\n<div id=\"cmsmasters_row_6e0fc075fd\" class=\"cmsmasters_row cmsmasters_color_scheme_second cmsmasters_row_top_default cmsmasters_row_bot_default cmsmasters_row_boxed\">\n<div class=\"cmsmasters_row_outer_parent\">\n<div class=\"cmsmasters_row_outer\">\n<div class=\"cmsmasters_row_inner\">\n<div class=\"cmsmasters_row_margin\">\n<div id=\"cmsmasters_column_48dea7fff7\" class=\"cmsmasters_column one_half\">\n<div class=\"cmsmasters_column_inner\"><div id=\"cmsmasters_fb_fbe0017b08\" class=\"cmsmasters_featured_block cmsmasters_make_an_appointment\">\n<div class=\"featured_block_inner\">\n<div class=\"featured_block_text\">\n<div id=\"cmsmasters_heading_74905cdcb5\" class=\"cmsmasters_heading_wrap cmsmasters_heading_align_left\">\n\t<h3 class=\"cmsmasters_heading\"> Solicita Tu Cita Aqu\u00ec<\/h3>\n<\/div><div class=\"cmsmasters_contact_form\">\n<div class=\"wpcf7 no-js\" id=\"wpcf7-f12468-o1\" lang=\"en-US\" dir=\"ltr\" data-wpcf7-id=\"12468\">\n<div class=\"screen-reader-response\"><p role=\"status\" aria-live=\"polite\" aria-atomic=\"true\"><\/p> <ul><\/ul><\/div>\n<form action=\"\/co\/wp-json\/wp\/v2\/pages\/14418#wpcf7-f12468-o1\" method=\"post\" class=\"wpcf7-form init\" aria-label=\"Contact form\" novalidate=\"novalidate\" data-status=\"init\">\n<fieldset class=\"hidden-fields-container\"><input type=\"hidden\" name=\"_wpcf7\" value=\"12468\" \/><input type=\"hidden\" name=\"_wpcf7_version\" value=\"6.1.5\" \/><input type=\"hidden\" name=\"_wpcf7_locale\" value=\"en_US\" \/><input type=\"hidden\" name=\"_wpcf7_unit_tag\" value=\"wpcf7-f12468-o1\" \/><input type=\"hidden\" name=\"_wpcf7_container_post\" value=\"0\" \/><input type=\"hidden\" name=\"_wpcf7_posted_data_hash\" value=\"\" \/><input type=\"hidden\" name=\"_wpcf7_recaptcha_response\" value=\"\" \/>\n<\/fieldset>\n<div class=\"cmsmasters_row_margin cmsmasters_1212\">\n\t<div class=\"cmsmasters_column one_half\">\n\t\t<p><span class=\"wpcf7-form-control-wrap\" data-name=\"nombre\"><input size=\"40\" maxlength=\"400\" class=\"wpcf7-form-control wpcf7-text wpcf7-validates-as-required\" aria-required=\"true\" aria-invalid=\"false\" placeholder=\"Nombres y Apellidos\" value=\"\" type=\"text\" name=\"nombre\" \/><\/span>\n\t\t<\/p>\n\t\t<p><span class=\"wpcf7-form-control-wrap\" data-name=\"email\"><input size=\"40\" maxlength=\"400\" class=\"wpcf7-form-control wpcf7-text wpcf7-validates-as-required\" aria-required=\"true\" aria-invalid=\"false\" placeholder=\"Email\" value=\"\" type=\"text\" name=\"email\" \/><\/span>\n\t\t<\/p>\n\t<\/div>\n\t<div class=\"cmsmasters_column one_half\">\n\t\t<p><span class=\"wpcf7-form-control-wrap\" data-name=\"tel\"><input size=\"40\" maxlength=\"400\" class=\"wpcf7-form-control wpcf7-tel wpcf7-validates-as-required wpcf7-text wpcf7-validates-as-tel\" aria-required=\"true\" aria-invalid=\"false\" placeholder=\"Tel\u00e9fono de Contacto\" value=\"\" type=\"tel\" name=\"tel\" \/><\/span>\n\t\t<\/p>\n\t\t<p><span class=\"wpcf7-form-control-wrap\" data-name=\"eps\"><input size=\"40\" maxlength=\"400\" class=\"wpcf7-form-control wpcf7-text wpcf7-validates-as-required\" aria-required=\"true\" aria-invalid=\"false\" placeholder=\"EPS\" value=\"\" type=\"text\" name=\"eps\" \/><\/span>\n\t\t<\/p>\n\t<\/div>\n<\/div>\n<div class=\"cmsmasters_row_margin cmsmasters_11\">\n\t<div class=\"cmsmasters_column one_first\">\n\t\t<p><span class=\"wpcf7-form-control-wrap\" data-name=\"mensaje\"><input size=\"40\" maxlength=\"400\" class=\"wpcf7-form-control wpcf7-text\" aria-invalid=\"false\" placeholder=\"Mensaje\" value=\"\" type=\"text\" name=\"mensaje\" \/><\/span>\n\t\t<\/p>\n\t\t<p style=\"text-align: justify; margin-top:20px;\"><span style=\"color: #ffffff;\">Aqu\u00ed podr\u00e1 adjuntar orden m\u00e9dica, Autorizaci\u00f3n EPS y Documentos de Identidad seg\u00fan sea el caso, en formatos pdf | jpg | png | jpeg <\/span>\n\t\t<\/p>\n\t\t<div class=\"mfile-1\">\n\t\t\t<p><span class=\"wpcf7-form-control-wrap\" data-name=\"upload-file-305\"><input size=\"40\" class=\"wpcf7-form-control wpcf7-drag-n-drop-file d-none\" aria-invalid=\"false\" type=\"file\" multiple=\"multiple\" data-name=\"upload-file-305\" data-type=\"pdf|jpg|png|jpeg\" data-limit=\"104857600\" data-min=\"1\" data-max=\"10\" data-id=\"12468\" data-version=\"free version 1.3.9.6\" accept=\".pdf, .jpg, .png, .jpeg\" \/><\/span>\n\t\t\t<\/p>\n\t\t\t<div class=\"column-full\">\n\t\t\t\t<p><span class=\"wpcf7-form-control-wrap\" data-name=\"terminos\"><span class=\"wpcf7-form-control wpcf7-acceptance\"><span class=\"wpcf7-list-item\"><label><input type=\"checkbox\" name=\"terminos\" value=\"1\" aria-invalid=\"false\" \/><span class=\"wpcf7-list-item-label\">Le\u00ed y acepto la <a href=\"https:\/\/clinicalamerced.com\/co\/politica-de-proteccion-de-datos\/\"> <span style=\"color: #555;\">Pol\u00edtica de Protecci\u00f3n de Datos<\/a><\/span><\/label><\/span><\/span><\/span>\n\t\t\t\t<\/p>\n\t\t\t<\/div>\n\t\t<\/div>\n\t\t<p><input class=\"wpcf7-form-control wpcf7-submit has-spinner\" type=\"submit\" value=\"Enviar\" \/>\n\t\t<\/p>\n\t<\/div>\n<\/div><input type='hidden' class='wpcf7-pum' value='{\"closepopup\":false,\"closedelay\":0,\"openpopup\":false,\"openpopup_id\":0}' \/><div class=\"wpcf7-response-output\" aria-hidden=\"true\"><\/div>\n<\/form>\n<\/div>\n<\/div>\n\n<\/div>\n<\/div>\n<\/div>\n<\/div><\/div>\n<div id=\"cmsmasters_column_e0520c35b3\" class=\"cmsmasters_column one_half\">\n<div class=\"cmsmasters_column_inner\"><div id=\"cmsmasters_heading_55c464d7ba\" class=\"cmsmasters_heading_wrap cmsmasters_heading_align_left\">\n\t<h3 class=\"cmsmasters_heading\">\u00bfTienes algunas preguntas?<\/h3>\n<\/div><div class=\"cmsmasters_toggles toggles_mode_accordion\">\n<div class=\"cmsmasters_toggle_wrap current_toggle\" data-tags=\"all \">\n<div class=\"cmsmasters_toggle_title\">\n<span class=\"cmsmasters_toggle_plus\">\n<span class=\"cmsmasters_toggle_plus_hor\"><\/span>\n<span class=\"cmsmasters_toggle_plus_vert\"><\/span>\n<\/span>\n<a href=\"#\">\u00bfCu\u00e1ntos acompa\u00f1antes se permiten en Urgencias, Maternidad o Cirug\u00eda ?<\/a>\n<\/div>\n<div class=\"cmsmasters_toggle\">\n<div class=\"cmsmasters_toggle_inner\">\n<p><span style=\"font-family: helvetica, arial, sans-serif;\">S\u00f3lo se aceptar\u00e1 un acompa\u00f1ante por paciente.<\/span><\/p>\n<\/div>\n<\/div>\n<\/div><div class=\"cmsmasters_toggle_wrap\" data-tags=\"all \">\n<div class=\"cmsmasters_toggle_title\">\n<span class=\"cmsmasters_toggle_plus\">\n<span class=\"cmsmasters_toggle_plus_hor\"><\/span>\n<span class=\"cmsmasters_toggle_plus_vert\"><\/span>\n<\/span>\n<a href=\"#\">\u00bfCu\u00e1les son los horarios de visita de la Unidad de Cuidado B\u00e1sico, Intermedio e Intensivo Neonatal UCIN?<\/a>\n<\/div>\n<div class=\"cmsmasters_toggle\">\n<div class=\"cmsmasters_toggle_inner\">\n<p><span style=\"font-family: helvetica, arial, sans-serif;\">1.-Los horarios de visita son modificados temporalmente, iniciando desde las 11:00 am-12:00 m\u00a0 y de 4:00 pm-5:00 pm (Horario de entrega de informes)<\/span><\/p>\n<p><span style=\"font-family: helvetica, arial, sans-serif;\">2.- S\u00f3lo podr\u00e1 ingresar 1 visitante (Madre o Padre del menor la selecci\u00f3n del mismo ser\u00e1 informado previamente al servicio).<\/span><\/p>\n<\/div>\n<\/div>\n<\/div><div class=\"cmsmasters_toggle_wrap\" data-tags=\"all \">\n<div class=\"cmsmasters_toggle_title\">\n<span class=\"cmsmasters_toggle_plus\">\n<span class=\"cmsmasters_toggle_plus_hor\"><\/span>\n<span class=\"cmsmasters_toggle_plus_vert\"><\/span>\n<\/span>\n<a href=\"#\">\u00bfCu\u00e1les son los horarios de visita de la Unidad de Cuidado Intermedio e Intensivo Adultos UCI y Hospitalizaci\u00f3n?<\/a>\n<\/div>\n<div class=\"cmsmasters_toggle\">\n<div class=\"cmsmasters_toggle_inner\">\n<p><span style=\"font-family: helvetica, arial, sans-serif;\">1.-El paciente que se encuentra en la unidad tendr\u00e1 (1) acompa\u00f1ante permanente como apoyo en su proceso de atenci\u00f3n.<\/span><\/p>\n<p><span style=\"font-family: helvetica, arial, sans-serif;\">2.- Al ingresar el acompa\u00f1ante deber\u00e1 identificarse con el guardia de seguridad quien verificar\u00e1 en el censo institucional que el paciente se encuentre en la unidad.<\/span><\/p>\n<p><span style=\"font-family: helvetica, arial, sans-serif;\">3.- Se suspenden los horarios de visitantes diferentes al acompa\u00f1ante ya asignado y previamente informado al servicio.<\/span><\/p>\n<\/div>\n<\/div>\n<\/div><\/div>\n<\/div><\/div>\n<\/div>\n<\/div>\n<\/div>\n<\/div>\n<\/div>\n\n","protected":false},"excerpt":{"rendered":"<p>&nbsp; &nbsp; &nbsp;<\/p>\n","protected":false},"author":1,"featured_media":0,"parent":0,"menu_order":0,"comment_status":"closed","ping_status":"closed","template":"","meta":{"footnotes":""},"class_list":["post-14418","page","type-page","status-publish","hentry"],"yoast_head":"<!-- This site is optimized with the Yoast SEO plugin v27.2 - https:\/\/yoast.com\/product\/yoast-seo-wordpress\/ -->\n<title>Solicita tu cita aqu\u00ed - Clinica La Merced<\/title>\n<meta name=\"robots\" content=\"index, follow, max-snippet:-1, max-image-preview:large, max-video-preview:-1\" \/>\n<link rel=\"canonical\" href=\"https:\/\/clinicalamerced.com\/co\/cita\/\" \/>\n<meta property=\"og:locale\" content=\"es_ES\" \/>\n<meta property=\"og:type\" content=\"article\" \/>\n<meta property=\"og:title\" content=\"Solicita tu cita aqu\u00ed - Clinica La Merced\" \/>\n<meta property=\"og:description\" content=\"&nbsp; &nbsp; &nbsp;\" \/>\n<meta property=\"og:url\" content=\"https:\/\/clinicalamerced.com\/co\/cita\/\" \/>\n<meta property=\"og:site_name\" content=\"Clinica La Merced\" \/>\n<meta property=\"article:modified_time\" content=\"2023-06-16T21:05:40+00:00\" \/>\n<meta property=\"og:image\" content=\"https:\/\/clinicalamerced.com\/co\/wp-content\/uploads\/2023\/06\/BANNER-WEB-ISA-VF.png\" \/>\n<meta name=\"twitter:card\" content=\"summary_large_image\" \/>\n<meta name=\"twitter:label1\" content=\"Tiempo de lectura\" \/>\n\t<meta name=\"twitter:data1\" content=\"2 minutos\" \/>\n<script type=\"application\/ld+json\" class=\"yoast-schema-graph\">{\"@context\":\"https:\/\/schema.org\",\"@graph\":[{\"@type\":\"WebPage\",\"@id\":\"https:\/\/clinicalamerced.com\/co\/cita\/\",\"url\":\"https:\/\/clinicalamerced.com\/co\/cita\/\",\"name\":\"Solicita tu cita aqu\u00ed - Clinica La Merced\",\"isPartOf\":{\"@id\":\"https:\/\/clinicalamerced.com\/co\/#website\"},\"primaryImageOfPage\":{\"@id\":\"https:\/\/clinicalamerced.com\/co\/cita\/#primaryimage\"},\"image\":{\"@id\":\"https:\/\/clinicalamerced.com\/co\/cita\/#primaryimage\"},\"thumbnailUrl\":\"https:\/\/clinicalamerced.com\/co\/wp-content\/uploads\/2023\/06\/BANNER-WEB-ISA-VF.png\",\"datePublished\":\"2017-01-18T13:37:53+00:00\",\"dateModified\":\"2023-06-16T21:05:40+00:00\",\"breadcrumb\":{\"@id\":\"https:\/\/clinicalamerced.com\/co\/cita\/#breadcrumb\"},\"inLanguage\":\"es\",\"potentialAction\":[{\"@type\":\"ReadAction\",\"target\":[\"https:\/\/clinicalamerced.com\/co\/cita\/\"]}]},{\"@type\":\"ImageObject\",\"inLanguage\":\"es\",\"@id\":\"https:\/\/clinicalamerced.com\/co\/cita\/#primaryimage\",\"url\":\"https:\/\/clinicalamerced.com\/co\/wp-content\/uploads\/2023\/06\/BANNER-WEB-ISA-VF.png\",\"contentUrl\":\"https:\/\/clinicalamerced.com\/co\/wp-content\/uploads\/2023\/06\/BANNER-WEB-ISA-VF.png\",\"width\":1920,\"height\":680},{\"@type\":\"BreadcrumbList\",\"@id\":\"https:\/\/clinicalamerced.com\/co\/cita\/#breadcrumb\",\"itemListElement\":[{\"@type\":\"ListItem\",\"position\":1,\"name\":\"Portada\",\"item\":\"https:\/\/clinicalamerced.com\/co\/\"},{\"@type\":\"ListItem\",\"position\":2,\"name\":\"Solicita tu cita aqu\u00ed\"}]},{\"@type\":\"WebSite\",\"@id\":\"https:\/\/clinicalamerced.com\/co\/#website\",\"url\":\"https:\/\/clinicalamerced.com\/co\/\",\"name\":\"Clinica La Merced\",\"description\":\"La Cl\u00ednica fundamenta su accionar en una excelente calidad, basada en la normatividad legal vigente.\",\"potentialAction\":[{\"@type\":\"SearchAction\",\"target\":{\"@type\":\"EntryPoint\",\"urlTemplate\":\"https:\/\/clinicalamerced.com\/co\/?s={search_term_string}\"},\"query-input\":{\"@type\":\"PropertyValueSpecification\",\"valueRequired\":true,\"valueName\":\"search_term_string\"}}],\"inLanguage\":\"es\"}]}<\/script>\n<!-- \/ Yoast SEO plugin. -->","yoast_head_json":{"title":"Solicita tu cita aqu\u00ed - Clinica La Merced","robots":{"index":"index","follow":"follow","max-snippet":"max-snippet:-1","max-image-preview":"max-image-preview:large","max-video-preview":"max-video-preview:-1"},"canonical":"https:\/\/clinicalamerced.com\/co\/cita\/","og_locale":"es_ES","og_type":"article","og_title":"Solicita tu cita aqu\u00ed - Clinica La Merced","og_description":"&nbsp; &nbsp; &nbsp;","og_url":"https:\/\/clinicalamerced.com\/co\/cita\/","og_site_name":"Clinica La Merced","article_modified_time":"2023-06-16T21:05:40+00:00","og_image":[{"url":"https:\/\/clinicalamerced.com\/co\/wp-content\/uploads\/2023\/06\/BANNER-WEB-ISA-VF.png","type":"","width":"","height":""}],"twitter_card":"summary_large_image","twitter_misc":{"Tiempo de lectura":"2 minutos"},"schema":{"@context":"https:\/\/schema.org","@graph":[{"@type":"WebPage","@id":"https:\/\/clinicalamerced.com\/co\/cita\/","url":"https:\/\/clinicalamerced.com\/co\/cita\/","name":"Solicita tu cita aqu\u00ed - Clinica La Merced","isPartOf":{"@id":"https:\/\/clinicalamerced.com\/co\/#website"},"primaryImageOfPage":{"@id":"https:\/\/clinicalamerced.com\/co\/cita\/#primaryimage"},"image":{"@id":"https:\/\/clinicalamerced.com\/co\/cita\/#primaryimage"},"thumbnailUrl":"https:\/\/clinicalamerced.com\/co\/wp-content\/uploads\/2023\/06\/BANNER-WEB-ISA-VF.png","datePublished":"2017-01-18T13:37:53+00:00","dateModified":"2023-06-16T21:05:40+00:00","breadcrumb":{"@id":"https:\/\/clinicalamerced.com\/co\/cita\/#breadcrumb"},"inLanguage":"es","potentialAction":[{"@type":"ReadAction","target":["https:\/\/clinicalamerced.com\/co\/cita\/"]}]},{"@type":"ImageObject","inLanguage":"es","@id":"https:\/\/clinicalamerced.com\/co\/cita\/#primaryimage","url":"https:\/\/clinicalamerced.com\/co\/wp-content\/uploads\/2023\/06\/BANNER-WEB-ISA-VF.png","contentUrl":"https:\/\/clinicalamerced.com\/co\/wp-content\/uploads\/2023\/06\/BANNER-WEB-ISA-VF.png","width":1920,"height":680},{"@type":"BreadcrumbList","@id":"https:\/\/clinicalamerced.com\/co\/cita\/#breadcrumb","itemListElement":[{"@type":"ListItem","position":1,"name":"Portada","item":"https:\/\/clinicalamerced.com\/co\/"},{"@type":"ListItem","position":2,"name":"Solicita tu cita aqu\u00ed"}]},{"@type":"WebSite","@id":"https:\/\/clinicalamerced.com\/co\/#website","url":"https:\/\/clinicalamerced.com\/co\/","name":"Clinica La Merced","description":"La Cl\u00ednica fundamenta su accionar en una excelente calidad, basada en la normatividad legal vigente.","potentialAction":[{"@type":"SearchAction","target":{"@type":"EntryPoint","urlTemplate":"https:\/\/clinicalamerced.com\/co\/?s={search_term_string}"},"query-input":{"@type":"PropertyValueSpecification","valueRequired":true,"valueName":"search_term_string"}}],"inLanguage":"es"}]}},"_links":{"self":[{"href":"https:\/\/clinicalamerced.com\/co\/wp-json\/wp\/v2\/pages\/14418","targetHints":{"allow":["GET"]}}],"collection":[{"href":"https:\/\/clinicalamerced.com\/co\/wp-json\/wp\/v2\/pages"}],"about":[{"href":"https:\/\/clinicalamerced.com\/co\/wp-json\/wp\/v2\/types\/page"}],"author":[{"embeddable":true,"href":"https:\/\/clinicalamerced.com\/co\/wp-json\/wp\/v2\/users\/1"}],"replies":[{"embeddable":true,"href":"https:\/\/clinicalamerced.com\/co\/wp-json\/wp\/v2\/comments?post=14418"}],"version-history":[{"count":0,"href":"https:\/\/clinicalamerced.com\/co\/wp-json\/wp\/v2\/pages\/14418\/revisions"}],"wp:attachment":[{"href":"https:\/\/clinicalamerced.com\/co\/wp-json\/wp\/v2\/media?parent=14418"}],"curies":[{"name":"wp","href":"https:\/\/api.w.org\/{rel}","templated":true}]}}