{"id":14404,"date":"2019-12-19T23:29:57","date_gmt":"2019-12-20T04:29:57","guid":{"rendered":"http:\/\/clinicalamerced.montesyco.com\/servicios-1-2\/"},"modified":"2020-04-27T16:56:29","modified_gmt":"2020-04-27T21:56:29","slug":"hospitalizacion-adulto-y-pediatria","status":"publish","type":"page","link":"https:\/\/clinicalamerced.com\/co\/hospitalizacion-adulto-y-pediatria\/","title":{"rendered":"Hospitalizaci\u00f3n Adulto y Pedi\u00e1tria"},"content":{"rendered":"<div id=\"cmsmasters_row_vselcflfe\" class=\"cmsmasters_row cmsmasters_color_scheme_default cmsmasters_row_top_default cmsmasters_row_bot_default cmsmasters_row_boxed\">\n<div class=\"cmsmasters_row_outer_parent\">\n<div class=\"cmsmasters_row_outer\">\n<div class=\"cmsmasters_row_inner\">\n<div class=\"cmsmasters_row_margin\">\n<div id=\"cmsmasters_column_rkyksz2rw\" class=\"cmsmasters_column one_first\">\n<div class=\"cmsmasters_column_inner\"><div id=\"cmsmasters_heading_1190q6wwgh\" class=\"cmsmasters_heading_wrap cmsmasters_heading_align_center\">\n\t<h2 class=\"cmsmasters_heading\">HOSPITALIZACI\u00d3N DE ADULTOS Y PEDIATR\u00cdA<\/h2>\n<\/div>\n<\/div><\/div>\n<\/div>\n<\/div>\n<\/div>\n<\/div>\n<\/div>\n<div id=\"cmsmasters_row_w0s4io7zbo\" class=\"cmsmasters_row cmsmasters_color_scheme_default cmsmasters_row_top_default cmsmasters_row_bot_default cmsmasters_row_boxed\">\n<div class=\"cmsmasters_row_outer_parent\">\n<div class=\"cmsmasters_row_outer\">\n<div class=\"cmsmasters_row_inner\">\n<div class=\"cmsmasters_row_margin\">\n<div id=\"cmsmasters_column_m8fck2ixus\" class=\"cmsmasters_column one_first\">\n<div class=\"cmsmasters_column_inner\"><div class=\"cmsmasters_text\">\n<p style=\"text-align: justify;\"><span style=\"font-family: arial, helvetica, sans-serif; font-size: 12pt;\">Este servicio est\u00e1 dirigido a proporcionar cuidados seguros en un ambiente hospitalario confortable, que genere la satisfacci\u00f3n\u00a0 de nuestros usuarios y sus familias, adem\u00e1s que propicie su participaci\u00f3n en el proceso de atenci\u00f3n con respeto a la dignidad humana, as\u00ed como el derecho a la intimidad y confidencialidad, garantizando de este modo la prestaci\u00f3n de servicios asistenciales con altos est\u00e1ndares de calidad para el atenci\u00f3n integral de los pacientes.\u00a0<\/span><\/p>\n<\/div>\n<div class=\"cmsmasters_text\">\n<p><a href=\"http:\/\/clinicalamerced.com\/co\/cita\/\"><img loading=\"lazy\" decoding=\"async\" class=\"aligncenter wp-image-14827 size-full\" src=\"http:\/\/clinicalamerced.com\/co\/wp-content\/uploads\/2020\/02\/CITA-WEB.jpg\" alt=\"\" width=\"1583\" height=\"300\" srcset=\"https:\/\/clinicalamerced.com\/co\/wp-content\/uploads\/2020\/02\/CITA-WEB.jpg 1583w, https:\/\/clinicalamerced.com\/co\/wp-content\/uploads\/2020\/02\/CITA-WEB-300x57.jpg 300w, https:\/\/clinicalamerced.com\/co\/wp-content\/uploads\/2020\/02\/CITA-WEB-1024x194.jpg 1024w, https:\/\/clinicalamerced.com\/co\/wp-content\/uploads\/2020\/02\/CITA-WEB-768x146.jpg 768w, https:\/\/clinicalamerced.com\/co\/wp-content\/uploads\/2020\/02\/CITA-WEB-1536x291.jpg 1536w, https:\/\/clinicalamerced.com\/co\/wp-content\/uploads\/2020\/02\/CITA-WEB-580x110.jpg 580w, https:\/\/clinicalamerced.com\/co\/wp-content\/uploads\/2020\/02\/CITA-WEB-860x163.jpg 860w, https:\/\/clinicalamerced.com\/co\/wp-content\/uploads\/2020\/02\/CITA-WEB-1160x220.jpg 1160w, https:\/\/clinicalamerced.com\/co\/wp-content\/uploads\/2020\/02\/CITA-WEB-600x114.jpg 600w\" sizes=\"auto, (max-width: 1583px) 100vw, 1583px\" \/><\/a><\/p>\n<\/div>\n<\/div><\/div>\n<\/div>\n<\/div>\n<\/div>\n<\/div>\n<\/div>\n<div id=\"cmsmasters_row_x72o9noqqq\" class=\"cmsmasters_row cmsmasters_color_scheme_default cmsmasters_row_top_default cmsmasters_row_bot_default cmsmasters_row_boxed\">\n<div class=\"cmsmasters_row_outer_parent\">\n<div class=\"cmsmasters_row_outer\">\n<div class=\"cmsmasters_row_inner\">\n<div class=\"cmsmasters_row_margin\">\n<div id=\"cmsmasters_column_udmvjyypu\" class=\"cmsmasters_column one_first\">\n<div class=\"cmsmasters_column_inner\"><div id=\"cmsmasters_heading_43ehw65nfk\" class=\"cmsmasters_heading_wrap cmsmasters_heading_align_center\">\n\t<h2 class=\"cmsmasters_heading\">ADMISIONES<\/h2>\n<\/div>\n<\/div><\/div>\n<\/div>\n<\/div>\n<\/div>\n<\/div>\n<\/div>\n<div id=\"cmsmasters_row_8an5vfmj6h\" class=\"cmsmasters_row cmsmasters_color_scheme_default cmsmasters_row_top_default cmsmasters_row_bot_default cmsmasters_row_boxed\">\n<div class=\"cmsmasters_row_outer_parent\">\n<div class=\"cmsmasters_row_outer\">\n<div class=\"cmsmasters_row_inner\">\n<div class=\"cmsmasters_row_margin\">\n<div id=\"cmsmasters_column_h04vnvf8m7\" class=\"cmsmasters_column one_third\">\n<div class=\"cmsmasters_column_inner\"><div class=\"aligncenter\"><div class=\"cmsmasters_img  cmsmasters_image_c\"><img decoding=\"async\" src=\"https:\/\/clinicalamerced.com\/co\/wp-content\/uploads\/2019\/12\/icono-hospitalizacion-gris.png\" \/><\/div><\/div><div id=\"cmsmasters_heading_h4dwydrgpe\" class=\"cmsmasters_heading_wrap cmsmasters_heading_align_left\">\n\t<h5 class=\"cmsmasters_heading\">HOSPITALIZACI\u00d3N<\/h5>\n<\/div><div class=\"cmsmasters_img  cmsmasters_image_l\"><img decoding=\"async\" src=\"https:\/\/clinicalamerced.com\/co\/wp-content\/uploads\/2015\/04\/1-4.jpg\" \/><\/div>\n<div id=\"cmsmasters_divider_f8at81bac\" class=\"cl\"><\/div>\n<div class=\"cmsmasters_text\">\n<p style=\"text-align: justify;\"><span style=\"font-family: arial, helvetica, sans-serif; font-size: 12pt;\">Para los usuarios que requieren hospitalizaci\u00f3n, la enfermera se encargar\u00e1 de la autorizaci\u00f3n, pero el familiar debe dirigirse a ADMISIONES para realizar el respectivo ingreso y cancelar deposito del COPAGO<\/span><\/p>\n<\/div>\n<\/div><\/div>\n<div id=\"cmsmasters_column_jmt2hxxl8\" class=\"cmsmasters_column one_third\">\n<div class=\"cmsmasters_column_inner\"><div class=\"aligncenter\"><div class=\"cmsmasters_img  cmsmasters_image_c\"><img decoding=\"async\" src=\"https:\/\/clinicalamerced.com\/co\/wp-content\/uploads\/2019\/12\/icono-urgencias-gris.png\" \/><\/div><\/div><div id=\"cmsmasters_heading_zj5mwqda9k\" class=\"cmsmasters_heading_wrap cmsmasters_heading_align_left\">\n\t<h5 class=\"cmsmasters_heading\">URGENCIAS<\/h5>\n<\/div><div class=\"cmsmasters_img  cmsmasters_image_l\"><img decoding=\"async\" src=\"https:\/\/clinicalamerced.com\/co\/wp-content\/uploads\/2015\/04\/1-4.jpg\" \/><\/div>\n<div id=\"cmsmasters_divider_23tmvhn8qv\" class=\"cl\"><\/div>\n<div class=\"cmsmasters_text\">\n<p style=\"text-align: justify;\"><span style=\"font-family: arial, helvetica, sans-serif; font-size: 12pt;\">Los usuarios que requieran el servicio de urgencias deben presentar su documento de identidad y carnet de su EPS, Admisiones se encargar\u00e1 de la autorizaci\u00f3n (Recuerde que debe hacerse telef\u00f3nicamente y la espera es de 30 minutos). Si usted es un paciente particular le informar\u00e1n los costos de la atenci\u00f3n.<\/span><\/p>\n<\/div>\n<\/div><\/div>\n<div id=\"cmsmasters_column_jl5jpsjcl\" class=\"cmsmasters_column one_third\">\n<div class=\"cmsmasters_column_inner\"><div class=\"aligncenter\"><div class=\"cmsmasters_img  cmsmasters_image_c\"><img decoding=\"async\" src=\"https:\/\/clinicalamerced.com\/co\/wp-content\/uploads\/2019\/12\/icono-cirugia-gris.png\" \/><\/div><\/div><div id=\"cmsmasters_heading_z5zrxijar\" class=\"cmsmasters_heading_wrap cmsmasters_heading_align_left\">\n\t<h5 class=\"cmsmasters_heading\"> CIRUG\u00cdA<\/h5>\n<\/div><div class=\"cmsmasters_img  cmsmasters_image_l\"><img decoding=\"async\" src=\"https:\/\/clinicalamerced.com\/co\/wp-content\/uploads\/2015\/04\/1-4.jpg\" \/><\/div>\n<div id=\"cmsmasters_divider_h3lztxf38n\" class=\"cl\"><\/div>\n<div class=\"cmsmasters_text\">\n<p style=\"text-align: justify;\"><span style=\"font-family: arial, helvetica, sans-serif; font-size: 12pt;\">Los usuarios con cirug\u00eda programada deben presentar documento de identidad, carn\u00e9 de su EPS y la orden de autorizaci\u00f3n de la cirug\u00eda. Si la cirug\u00eda es ambulatoria y el paciente es beneficiario debe cancelar el COPAGO.<\/span><\/p>\n<\/div>\n<\/div><\/div>\n<\/div>\n<\/div>\n<\/div>\n<\/div>\n<\/div>\n<div id=\"cmsmasters_row_lp1o154lth\" class=\"cmsmasters_row cmsmasters_color_scheme_default cmsmasters_row_top_default cmsmasters_row_bot_default cmsmasters_row_boxed\">\n<div class=\"cmsmasters_row_outer_parent\">\n<div class=\"cmsmasters_row_outer\">\n<div class=\"cmsmasters_row_inner\">\n<div class=\"cmsmasters_row_margin\">\n<div id=\"cmsmasters_column_6ocsftpe81\" class=\"cmsmasters_column one_first\">\n<div class=\"cmsmasters_column_inner\"><div class=\"cmsmasters_text\">\n<p><a href=\"http:\/\/clinicalamerced.com\/co\/trabaja-con-nosotros\/\"><img loading=\"lazy\" decoding=\"async\" class=\"aligncenter wp-image-14825 size-full\" src=\"http:\/\/clinicalamerced.com\/co\/wp-content\/uploads\/2020\/02\/TRABAJA.jpg\" alt=\"\" width=\"1583\" height=\"300\" srcset=\"https:\/\/clinicalamerced.com\/co\/wp-content\/uploads\/2020\/02\/TRABAJA.jpg 1583w, https:\/\/clinicalamerced.com\/co\/wp-content\/uploads\/2020\/02\/TRABAJA-300x57.jpg 300w, https:\/\/clinicalamerced.com\/co\/wp-content\/uploads\/2020\/02\/TRABAJA-1024x194.jpg 1024w, https:\/\/clinicalamerced.com\/co\/wp-content\/uploads\/2020\/02\/TRABAJA-768x146.jpg 768w, https:\/\/clinicalamerced.com\/co\/wp-content\/uploads\/2020\/02\/TRABAJA-1536x291.jpg 1536w, https:\/\/clinicalamerced.com\/co\/wp-content\/uploads\/2020\/02\/TRABAJA-580x110.jpg 580w, https:\/\/clinicalamerced.com\/co\/wp-content\/uploads\/2020\/02\/TRABAJA-860x163.jpg 860w, https:\/\/clinicalamerced.com\/co\/wp-content\/uploads\/2020\/02\/TRABAJA-1160x220.jpg 1160w, https:\/\/clinicalamerced.com\/co\/wp-content\/uploads\/2020\/02\/TRABAJA-600x114.jpg 600w\" sizes=\"auto, (max-width: 1583px) 100vw, 1583px\" \/><\/a><\/p>\n<\/div>\n<\/div><\/div>\n<\/div>\n<\/div>\n<\/div>\n<\/div>\n<\/div>\n<div id=\"cmsmasters_row_whz6pjnhl\" class=\"cmsmasters_row cmsmasters_color_scheme_default cmsmasters_row_top_default cmsmasters_row_bot_default cmsmasters_row_boxed\">\n<div class=\"cmsmasters_row_outer_parent\">\n<div class=\"cmsmasters_row_outer\">\n<div class=\"cmsmasters_row_inner\">\n<div class=\"cmsmasters_row_margin\">\n<div id=\"cmsmasters_column_ij7pm8pib\" class=\"cmsmasters_column one_first\">\n<div class=\"cmsmasters_column_inner\"><div id=\"cmsmasters_heading_zdse5xg5fh\" class=\"cmsmasters_heading_wrap cmsmasters_heading_align_center\">\n\t<h2 class=\"cmsmasters_heading\">COPAGO<\/h2>\n<\/div>\n<\/div><\/div>\n<\/div>\n<\/div>\n<\/div>\n<\/div>\n<\/div>\n<div id=\"cmsmasters_row_btol2axwz1\" class=\"cmsmasters_row cmsmasters_color_scheme_default cmsmasters_row_top_default cmsmasters_row_bot_default cmsmasters_row_boxed\">\n<div class=\"cmsmasters_row_outer_parent\">\n<div class=\"cmsmasters_row_outer\">\n<div class=\"cmsmasters_row_inner\">\n<div class=\"cmsmasters_row_margin\">\n<div id=\"cmsmasters_column_sq7v6593qf\" class=\"cmsmasters_column one_first\">\n<div class=\"cmsmasters_column_inner\"><div class=\"cmsmasters_text\">\n<p style=\"text-align: justify;\"><span style=\"font-family: arial, helvetica, sans-serif; font-size: 12pt;\">Recuerde que el Plan Obligatorio de Salud no cubre el 100% de los servicios en los pacientes BENEFICARIOS, por esta raz\u00f3n debe cancelarse un porcentaje de la siguiente manera:<\/span><\/p>\n<\/div>\n<\/div><\/div>\n<\/div>\n<\/div>\n<\/div>\n<\/div>\n<\/div>\n<div id=\"cmsmasters_row_zow03tbo5\" class=\"cmsmasters_row cmsmasters_color_scheme_default cmsmasters_row_top_default cmsmasters_row_bot_default cmsmasters_row_boxed\">\n<div class=\"cmsmasters_row_outer_parent\">\n<div class=\"cmsmasters_row_outer\">\n<div class=\"cmsmasters_row_inner\">\n<div class=\"cmsmasters_row_margin\">\n<div id=\"cmsmasters_column_1rv4l9t95\" class=\"cmsmasters_column one_third\">\n<div class=\"cmsmasters_column_inner\"><div class=\"aligncenter\"><div class=\"cmsmasters_img  cmsmasters_image_c\"><img decoding=\"async\" src=\"https:\/\/clinicalamerced.com\/co\/wp-content\/uploads\/2019\/11\/RANGO-SALARIAL-A-300x300.jpg\" \/><\/div><\/div>\n<\/div><\/div>\n<div id=\"cmsmasters_column_zdaasksex\" class=\"cmsmasters_column one_third\">\n<div class=\"cmsmasters_column_inner\"><div class=\"aligncenter\"><div class=\"cmsmasters_img  cmsmasters_image_c\"><img decoding=\"async\" src=\"https:\/\/clinicalamerced.com\/co\/wp-content\/uploads\/2019\/11\/RANGO-SALARIAL-B-300x300.jpg\" \/><\/div><\/div>\n<\/div><\/div>\n<div id=\"cmsmasters_column_8x18fms6y\" class=\"cmsmasters_column one_third\">\n<div class=\"cmsmasters_column_inner\"><div class=\"cmsmasters_img  cmsmasters_image_n\"><img decoding=\"async\" src=\"https:\/\/clinicalamerced.com\/co\/wp-content\/uploads\/2019\/11\/RANGO-SALARIAL-C-1-300x300.jpg\" \/><\/div>\n<\/div><\/div>\n<\/div>\n<\/div>\n<\/div>\n<\/div>\n<\/div>\n<div id=\"cmsmasters_row_82d0apgd2a\" class=\"cmsmasters_row cmsmasters_color_scheme_default cmsmasters_row_top_default cmsmasters_row_bot_default cmsmasters_row_boxed\">\n<div class=\"cmsmasters_row_outer_parent\">\n<div class=\"cmsmasters_row_outer\">\n<div class=\"cmsmasters_row_inner\">\n<div class=\"cmsmasters_row_margin\">\n<div id=\"cmsmasters_column_au7xlfeayp\" class=\"cmsmasters_column one_first\">\n<div class=\"cmsmasters_column_inner\"><div class=\"cmsmasters_text\">\n<p><span style=\"font-family: arial, helvetica, sans-serif; font-size: 12pt;\">De igual manera le recordamos que la EPS no cubren algunos de los materiales y medicamentos por esto es posible que sea necesario que usted cancele algunos.<\/span><\/p>\n<\/div>\n<\/div><\/div>\n<\/div>\n<\/div>\n<\/div>\n<\/div>\n<\/div>\n<div id=\"cmsmasters_row_z64xa552ga\" class=\"cmsmasters_row cmsmasters_color_scheme_default cmsmasters_row_top_default cmsmasters_row_bot_default cmsmasters_row_boxed\">\n<div class=\"cmsmasters_row_outer_parent\">\n<div class=\"cmsmasters_row_outer\">\n<div class=\"cmsmasters_row_inner\">\n<div class=\"cmsmasters_row_margin\">\n<div id=\"cmsmasters_column_v48yuv8zd\" class=\"cmsmasters_column two_third\">\n<div class=\"cmsmasters_column_inner\"><div class=\"cmsmasters_text\">\n<p><img loading=\"lazy\" decoding=\"async\" class=\"aligncenter wp-image-14037\" src=\"http:\/\/clinicalamerced.montesyco.com\/wp-content\/uploads\/2019\/12\/salida-pacientes.jpg\" alt=\"\" width=\"1980\" height=\"1712\" srcset=\"https:\/\/clinicalamerced.com\/co\/wp-content\/uploads\/2019\/12\/salida-pacientes.jpg 1080w, https:\/\/clinicalamerced.com\/co\/wp-content\/uploads\/2019\/12\/salida-pacientes-300x259.jpg 300w, https:\/\/clinicalamerced.com\/co\/wp-content\/uploads\/2019\/12\/salida-pacientes-1024x886.jpg 1024w, https:\/\/clinicalamerced.com\/co\/wp-content\/uploads\/2019\/12\/salida-pacientes-768x664.jpg 768w, https:\/\/clinicalamerced.com\/co\/wp-content\/uploads\/2019\/12\/salida-pacientes-580x502.jpg 580w, https:\/\/clinicalamerced.com\/co\/wp-content\/uploads\/2019\/12\/salida-pacientes-860x744.jpg 860w, https:\/\/clinicalamerced.com\/co\/wp-content\/uploads\/2019\/12\/salida-pacientes-600x519.jpg 600w\" sizes=\"auto, (max-width: 1980px) 100vw, 1980px\" \/><\/p>\n<\/div>\n<\/div><\/div>\n<div id=\"cmsmasters_column_a0yyxm7iw8\" class=\"cmsmasters_column one_third\">\n<div class=\"cmsmasters_column_inner\"><div id=\"cmsmasters_heading_x426kay8ua\" class=\"cmsmasters_heading_wrap cmsmasters_heading_align_center\">\n\t<h2 class=\"cmsmasters_heading\">INFORMACI\u00d3N IMPORTANTE<\/h2>\n<\/div><div id=\"cmsmasters_fb_yz3uxbtnfl\" class=\"cmsmasters_featured_block\">\n<div class=\"featured_block_inner\">\n<div class=\"featured_block_text\">\n<p style=\"text-align: justify;\"><span style=\"font-family: arial, helvetica, sans-serif; font-size: 12pt; color: #ffffff;\">Solicitar a su m\u00e9dico tratante la incapacidad y si es cotizante se le entregar\u00e1 copia de su historia cl\u00ednica para la salida.<\/span><\/p>\n<p style=\"text-align: justify;\"><span style=\"font-family: arial, helvetica, sans-serif; font-size: 12pt; color: #ffffff;\">Los Horarios de visita son los siguientes:<\/span><\/p>\n<p><span style=\"font-size: 12pt; color: #ffffff;\"><span style=\"font-family: arial, helvetica, sans-serif;\"><strong>HOSPITALIZACI\u00d3N Y MATERNIDAD <\/strong>:<\/span><span style=\"font-family: arial, helvetica, sans-serif;\"> 10 a.m. a 12 m. y 4 p.m. a 7:00 p.m.<\/span><\/span><\/p>\n<p><span style=\"font-family: arial, helvetica, sans-serif; font-size: 12pt; color: #ffffff;\"><strong>UNIDAD DE CUIDADO INTENSIVO ADULTO<\/strong>: 11 a.m. a 11:30 a.m. y de 4 p.m. a 4:30 p.m<\/span><\/p>\n<p><span style=\"font-family: arial, helvetica, sans-serif; font-size: 12pt; color: #ffffff;\"><strong>UNIDAD DE CUIDADO INTENSIVO NEONATAL:<\/strong> 11 a.m. a 12:00 m. y de 4 p.m. a 5:00 p.m<\/span><\/p>\n\n<\/div>\n<\/div>\n<\/div>\n<\/div><\/div>\n<\/div>\n<\/div>\n<\/div>\n<\/div>\n<\/div>\n\n","protected":false},"excerpt":{"rendered":"","protected":false},"author":1,"featured_media":0,"parent":0,"menu_order":0,"comment_status":"closed","ping_status":"closed","template":"","meta":{"footnotes":""},"class_list":["post-14404","page","type-page","status-publish","hentry"],"yoast_head":"<!-- This site is optimized with the Yoast SEO plugin v27.2 - https:\/\/yoast.com\/product\/yoast-seo-wordpress\/ -->\n<title>Hospitalizaci\u00f3n Adulto y Pedi\u00e1tria - Clinica La Merced<\/title>\n<meta name=\"robots\" content=\"index, follow, max-snippet:-1, max-image-preview:large, max-video-preview:-1\" \/>\n<link rel=\"canonical\" href=\"https:\/\/clinicalamerced.com\/co\/hospitalizacion-adulto-y-pediatria\/\" \/>\n<meta property=\"og:locale\" content=\"es_ES\" \/>\n<meta property=\"og:type\" content=\"article\" \/>\n<meta property=\"og:title\" content=\"Hospitalizaci\u00f3n Adulto y Pedi\u00e1tria - Clinica La Merced\" \/>\n<meta property=\"og:url\" content=\"https:\/\/clinicalamerced.com\/co\/hospitalizacion-adulto-y-pediatria\/\" \/>\n<meta property=\"og:site_name\" content=\"Clinica La Merced\" \/>\n<meta property=\"article:modified_time\" content=\"2020-04-27T21:56:29+00:00\" \/>\n<meta property=\"og:image\" content=\"http:\/\/clinicalamerced.com\/co\/wp-content\/uploads\/2020\/02\/CITA-WEB.jpg\" \/>\n<meta name=\"twitter:card\" content=\"summary_large_image\" \/>\n<meta name=\"twitter:label1\" content=\"Tiempo de lectura\" \/>\n\t<meta name=\"twitter:data1\" content=\"11 minutos\" \/>\n<script type=\"application\/ld+json\" class=\"yoast-schema-graph\">{\"@context\":\"https:\/\/schema.org\",\"@graph\":[{\"@type\":\"WebPage\",\"@id\":\"https:\/\/clinicalamerced.com\/co\/hospitalizacion-adulto-y-pediatria\/\",\"url\":\"https:\/\/clinicalamerced.com\/co\/hospitalizacion-adulto-y-pediatria\/\",\"name\":\"Hospitalizaci\u00f3n Adulto y Pedi\u00e1tria - Clinica La Merced\",\"isPartOf\":{\"@id\":\"https:\/\/clinicalamerced.com\/co\/#website\"},\"primaryImageOfPage\":{\"@id\":\"https:\/\/clinicalamerced.com\/co\/hospitalizacion-adulto-y-pediatria\/#primaryimage\"},\"image\":{\"@id\":\"https:\/\/clinicalamerced.com\/co\/hospitalizacion-adulto-y-pediatria\/#primaryimage\"},\"thumbnailUrl\":\"http:\/\/clinicalamerced.com\/co\/wp-content\/uploads\/2020\/02\/CITA-WEB.jpg\",\"datePublished\":\"2019-12-20T04:29:57+00:00\",\"dateModified\":\"2020-04-27T21:56:29+00:00\",\"breadcrumb\":{\"@id\":\"https:\/\/clinicalamerced.com\/co\/hospitalizacion-adulto-y-pediatria\/#breadcrumb\"},\"inLanguage\":\"es\",\"potentialAction\":[{\"@type\":\"ReadAction\",\"target\":[\"https:\/\/clinicalamerced.com\/co\/hospitalizacion-adulto-y-pediatria\/\"]}]},{\"@type\":\"ImageObject\",\"inLanguage\":\"es\",\"@id\":\"https:\/\/clinicalamerced.com\/co\/hospitalizacion-adulto-y-pediatria\/#primaryimage\",\"url\":\"https:\/\/clinicalamerced.com\/co\/wp-content\/uploads\/2020\/02\/CITA-WEB.jpg\",\"contentUrl\":\"https:\/\/clinicalamerced.com\/co\/wp-content\/uploads\/2020\/02\/CITA-WEB.jpg\",\"width\":1583,\"height\":300},{\"@type\":\"BreadcrumbList\",\"@id\":\"https:\/\/clinicalamerced.com\/co\/hospitalizacion-adulto-y-pediatria\/#breadcrumb\",\"itemListElement\":[{\"@type\":\"ListItem\",\"position\":1,\"name\":\"Portada\",\"item\":\"https:\/\/clinicalamerced.com\/co\/\"},{\"@type\":\"ListItem\",\"position\":2,\"name\":\"Hospitalizaci\u00f3n Adulto y Pedi\u00e1tria\"}]},{\"@type\":\"WebSite\",\"@id\":\"https:\/\/clinicalamerced.com\/co\/#website\",\"url\":\"https:\/\/clinicalamerced.com\/co\/\",\"name\":\"Clinica La Merced\",\"description\":\"La Cl\u00ednica fundamenta su accionar en una excelente calidad, basada en la normatividad legal vigente.\",\"potentialAction\":[{\"@type\":\"SearchAction\",\"target\":{\"@type\":\"EntryPoint\",\"urlTemplate\":\"https:\/\/clinicalamerced.com\/co\/?s={search_term_string}\"},\"query-input\":{\"@type\":\"PropertyValueSpecification\",\"valueRequired\":true,\"valueName\":\"search_term_string\"}}],\"inLanguage\":\"es\"}]}<\/script>\n<!-- \/ Yoast SEO plugin. -->","yoast_head_json":{"title":"Hospitalizaci\u00f3n Adulto y Pedi\u00e1tria - Clinica La Merced","robots":{"index":"index","follow":"follow","max-snippet":"max-snippet:-1","max-image-preview":"max-image-preview:large","max-video-preview":"max-video-preview:-1"},"canonical":"https:\/\/clinicalamerced.com\/co\/hospitalizacion-adulto-y-pediatria\/","og_locale":"es_ES","og_type":"article","og_title":"Hospitalizaci\u00f3n Adulto y Pedi\u00e1tria - Clinica La Merced","og_url":"https:\/\/clinicalamerced.com\/co\/hospitalizacion-adulto-y-pediatria\/","og_site_name":"Clinica La Merced","article_modified_time":"2020-04-27T21:56:29+00:00","og_image":[{"url":"http:\/\/clinicalamerced.com\/co\/wp-content\/uploads\/2020\/02\/CITA-WEB.jpg","type":"","width":"","height":""}],"twitter_card":"summary_large_image","twitter_misc":{"Tiempo de lectura":"11 minutos"},"schema":{"@context":"https:\/\/schema.org","@graph":[{"@type":"WebPage","@id":"https:\/\/clinicalamerced.com\/co\/hospitalizacion-adulto-y-pediatria\/","url":"https:\/\/clinicalamerced.com\/co\/hospitalizacion-adulto-y-pediatria\/","name":"Hospitalizaci\u00f3n Adulto y Pedi\u00e1tria - Clinica La Merced","isPartOf":{"@id":"https:\/\/clinicalamerced.com\/co\/#website"},"primaryImageOfPage":{"@id":"https:\/\/clinicalamerced.com\/co\/hospitalizacion-adulto-y-pediatria\/#primaryimage"},"image":{"@id":"https:\/\/clinicalamerced.com\/co\/hospitalizacion-adulto-y-pediatria\/#primaryimage"},"thumbnailUrl":"http:\/\/clinicalamerced.com\/co\/wp-content\/uploads\/2020\/02\/CITA-WEB.jpg","datePublished":"2019-12-20T04:29:57+00:00","dateModified":"2020-04-27T21:56:29+00:00","breadcrumb":{"@id":"https:\/\/clinicalamerced.com\/co\/hospitalizacion-adulto-y-pediatria\/#breadcrumb"},"inLanguage":"es","potentialAction":[{"@type":"ReadAction","target":["https:\/\/clinicalamerced.com\/co\/hospitalizacion-adulto-y-pediatria\/"]}]},{"@type":"ImageObject","inLanguage":"es","@id":"https:\/\/clinicalamerced.com\/co\/hospitalizacion-adulto-y-pediatria\/#primaryimage","url":"https:\/\/clinicalamerced.com\/co\/wp-content\/uploads\/2020\/02\/CITA-WEB.jpg","contentUrl":"https:\/\/clinicalamerced.com\/co\/wp-content\/uploads\/2020\/02\/CITA-WEB.jpg","width":1583,"height":300},{"@type":"BreadcrumbList","@id":"https:\/\/clinicalamerced.com\/co\/hospitalizacion-adulto-y-pediatria\/#breadcrumb","itemListElement":[{"@type":"ListItem","position":1,"name":"Portada","item":"https:\/\/clinicalamerced.com\/co\/"},{"@type":"ListItem","position":2,"name":"Hospitalizaci\u00f3n Adulto y Pedi\u00e1tria"}]},{"@type":"WebSite","@id":"https:\/\/clinicalamerced.com\/co\/#website","url":"https:\/\/clinicalamerced.com\/co\/","name":"Clinica La Merced","description":"La Cl\u00ednica fundamenta su accionar en una excelente calidad, basada en la normatividad legal vigente.","potentialAction":[{"@type":"SearchAction","target":{"@type":"EntryPoint","urlTemplate":"https:\/\/clinicalamerced.com\/co\/?s={search_term_string}"},"query-input":{"@type":"PropertyValueSpecification","valueRequired":true,"valueName":"search_term_string"}}],"inLanguage":"es"}]}},"_links":{"self":[{"href":"https:\/\/clinicalamerced.com\/co\/wp-json\/wp\/v2\/pages\/14404","targetHints":{"allow":["GET"]}}],"collection":[{"href":"https:\/\/clinicalamerced.com\/co\/wp-json\/wp\/v2\/pages"}],"about":[{"href":"https:\/\/clinicalamerced.com\/co\/wp-json\/wp\/v2\/types\/page"}],"author":[{"embeddable":true,"href":"https:\/\/clinicalamerced.com\/co\/wp-json\/wp\/v2\/users\/1"}],"replies":[{"embeddable":true,"href":"https:\/\/clinicalamerced.com\/co\/wp-json\/wp\/v2\/comments?post=14404"}],"version-history":[{"count":0,"href":"https:\/\/clinicalamerced.com\/co\/wp-json\/wp\/v2\/pages\/14404\/revisions"}],"wp:attachment":[{"href":"https:\/\/clinicalamerced.com\/co\/wp-json\/wp\/v2\/media?parent=14404"}],"curies":[{"name":"wp","href":"https:\/\/api.w.org\/{rel}","templated":true}]}}