{"id":14346,"date":"2020-01-11T09:17:18","date_gmt":"2020-01-11T14:17:18","guid":{"rendered":"http:\/\/clinicalamerced.montesyco.com\/?page_id=14346"},"modified":"2020-03-31T18:36:30","modified_gmt":"2020-03-31T23:36:30","slug":"conoceme","status":"publish","type":"page","link":"https:\/\/clinicalamerced.com\/co\/conoceme\/","title":{"rendered":"Con\u00f3ceme"},"content":{"rendered":"<div id=\"cmsmasters_row_eplnfbrhya\" class=\"cmsmasters_row cmsmasters_color_scheme_default cmsmasters_row_top_default cmsmasters_row_bot_default cmsmasters_row_fullwidth\">\n<div class=\"cmsmasters_row_outer_parent\">\n<div class=\"cmsmasters_row_outer\">\n<div class=\"cmsmasters_row_inner cmsmasters_row_fullwidth\">\n<div class=\"cmsmasters_row_margin\">\n<div id=\"cmsmasters_column_bqbj9znn8k\" class=\"cmsmasters_column one_first\">\n<div class=\"cmsmasters_column_inner\">\n<div class=\"cmsmasters_slider\">\n\t\t\t<!-- START Conoceme REVOLUTION SLIDER 6.7.18 --><p class=\"rs-p-wp-fix\"><\/p>\n\t\t\t<rs-module-wrap id=\"rev_slider_7_1_wrapper\" data-source=\"gallery\" style=\"visibility:hidden;background:transparent;padding:0;margin:0px auto;margin-top:0;margin-bottom:0;\">\n\t\t\t\t<rs-module id=\"rev_slider_7_1\" style=\"\" data-version=\"6.7.18\">\n\t\t\t\t\t<rs-slides style=\"overflow: hidden; position: absolute;\">\n\t\t\t\t\t\t<rs-slide style=\"position: absolute;\" data-key=\"rs-26\" data-title=\"Slide\" data-anim=\"adpr:false;\">\n\t\t\t\t\t\t\t<img decoding=\"async\" src=\"\/\/clinicalamerced.com\/co\/wp-content\/plugins\/revslider\/sr6\/assets\/assets\/dummy.png\" alt=\"\" title=\"Con\u00f3ceme\" class=\"rev-slidebg tp-rs-img rs-lazyload\" data-lazyload=\"\/\/clinicalamerced.com\/co\/wp-content\/uploads\/2020\/03\/MATERNIDAD1.jpg\" data-parallax=\"off\" data-no-retina>\n<!---->\t\t\t\t\t<\/rs-slide>\n\t\t\t\t\t<\/rs-slides>\n\t\t\t\t<\/rs-module>\n\t\t\t\t<script>\n\t\t\t\t\tsetREVStartSize({c: 'rev_slider_7_1',rl:[1240,1024,778,480],el:[],gw:[1240],gh:[600],type:'standard',justify:'',layout:'fullwidth',mh:\"0\"});if (window.RS_MODULES!==undefined && window.RS_MODULES.modules!==undefined && window.RS_MODULES.modules[\"revslider71\"]!==undefined) {window.RS_MODULES.modules[\"revslider71\"].once = false;window.revapi7 = undefined;if (window.RS_MODULES.checkMinimal!==undefined) window.RS_MODULES.checkMinimal()}\n\t\t\t\t<\/script>\n\t\t\t<\/rs-module-wrap>\n\t\t\t<!-- END REVOLUTION SLIDER -->\n<\/div>\n<\/div><\/div>\n<\/div>\n<\/div>\n<\/div>\n<\/div>\n<\/div>\n<div id=\"cmsmasters_row_aiazpp95hd\" class=\"cmsmasters_row cmsmasters_color_scheme_default cmsmasters_row_top_default cmsmasters_row_bot_default cmsmasters_row_boxed\">\n<div class=\"cmsmasters_row_outer_parent\">\n<div class=\"cmsmasters_row_outer\">\n<div class=\"cmsmasters_row_inner\">\n<div class=\"cmsmasters_row_margin\">\n<div id=\"cmsmasters_column_w9nrcafyv\" class=\"cmsmasters_column one_first\">\n<div class=\"cmsmasters_column_inner\"><div id=\"cmsmasters_heading_scbfw64q6\" class=\"cmsmasters_heading_wrap cmsmasters_heading_align_center\">\n\t<h2 class=\"cmsmasters_heading\">LACTANCIA MATERNA<\/h2>\n<\/div>\n<\/div><\/div>\n<\/div>\n<\/div>\n<\/div>\n<\/div>\n<\/div>\n<div id=\"cmsmasters_row_6wu5c11q5a\" class=\"cmsmasters_row cmsmasters_color_scheme_default cmsmasters_row_top_default cmsmasters_row_bot_default cmsmasters_row_boxed\">\n<div class=\"cmsmasters_row_outer_parent\">\n<div class=\"cmsmasters_row_outer\">\n<div class=\"cmsmasters_row_inner\">\n<div class=\"cmsmasters_row_margin\">\n<div id=\"cmsmasters_column_z8f9ac6mdd\" class=\"cmsmasters_column one_half\">\n<div class=\"cmsmasters_column_inner\"><div id=\"cmsmasters_fb_1z3souk5mj\" class=\"cmsmasters_featured_block\">\n<div class=\"featured_block_inner\">\n<div class=\"featured_block_text\">\n<p><img loading=\"lazy\" decoding=\"async\" class=\"aligncenter wp-image-14960 size-full\" src=\"http:\/\/clinicalamerced.montesyco.com\/wp-content\/uploads\/2020\/03\/lactancia.jpg\" alt=\"\" width=\"960\" height=\"960\" srcset=\"https:\/\/clinicalamerced.com\/co\/wp-content\/uploads\/2020\/03\/lactancia.jpg 960w, https:\/\/clinicalamerced.com\/co\/wp-content\/uploads\/2020\/03\/lactancia-300x300.jpg 300w, https:\/\/clinicalamerced.com\/co\/wp-content\/uploads\/2020\/03\/lactancia-150x150.jpg 150w, https:\/\/clinicalamerced.com\/co\/wp-content\/uploads\/2020\/03\/lactancia-768x768.jpg 768w, https:\/\/clinicalamerced.com\/co\/wp-content\/uploads\/2020\/03\/lactancia-65x65.jpg 65w, https:\/\/clinicalamerced.com\/co\/wp-content\/uploads\/2020\/03\/lactancia-500x500.jpg 500w, https:\/\/clinicalamerced.com\/co\/wp-content\/uploads\/2020\/03\/lactancia-580x580.jpg 580w, https:\/\/clinicalamerced.com\/co\/wp-content\/uploads\/2020\/03\/lactancia-860x860.jpg 860w, https:\/\/clinicalamerced.com\/co\/wp-content\/uploads\/2020\/03\/lactancia-600x600.jpg 600w, https:\/\/clinicalamerced.com\/co\/wp-content\/uploads\/2020\/03\/lactancia-100x100.jpg 100w\" sizes=\"auto, (max-width: 960px) 100vw, 960px\" \/><\/p>\n\n<\/div>\n<\/div>\n<\/div>\n<\/div><\/div>\n<div id=\"cmsmasters_column_k2gax8y70c\" class=\"cmsmasters_column one_half\">\n<div class=\"cmsmasters_column_inner\"><div id=\"cmsmasters_heading_q6fqhm22\" class=\"cmsmasters_heading_wrap cmsmasters_heading_align_center\">\n\t<h2 class=\"cmsmasters_heading\">ALGUNOS BENEFICIOS QUE TIENE LA LACTANCIA MATERNA PARA EL BEB\u00c9<\/h2>\n<\/div><div id=\"cmsmasters_fb_byadc8tctq\" class=\"cmsmasters_featured_block\">\n<div class=\"featured_block_inner\">\n<div class=\"featured_block_text\">\n<ul>\n<li><span style=\"font-family: arial, helvetica, sans-serif; font-size: 14pt; color: #808080;\">Reduce la mortalidad infantil.<\/span><\/li>\n<li><span style=\"font-family: arial, helvetica, sans-serif; font-size: 14pt; color: #808080;\">Protege al beb\u00e9 contra numerosas enfermedades.<\/span><\/li>\n<li><span style=\"font-family: arial, helvetica, sans-serif; font-size: 14pt; color: #808080;\">Evita el estre\u00f1imiento y es f\u00e1cil de digerir por el intestino inmaduro del reci\u00e9n nacido.<\/span><\/li>\n<li><span style=\"font-family: arial, helvetica, sans-serif; font-size: 14pt; color: #808080;\">Ayuda a prevenir la obesidad del beb\u00e9 y futuras enfermedades cr\u00f3nicas.<\/span><\/li>\n<li><span style=\"font-family: arial, helvetica, sans-serif; font-size: 14pt; color: #808080;\">Facilita el v\u00ednculo con la madre.<\/span><\/li>\n<li><span style=\"font-family: arial, helvetica, sans-serif; font-size: 14pt; color: #808080;\">Disminuye el riesgo de muerte s\u00fabita del lactante, tanto si es lactancia exclusiva como mixta.<\/span><\/li>\n<\/ul>\n\n<\/div>\n<\/div>\n<\/div>\n<\/div><\/div>\n<\/div>\n<\/div>\n<\/div>\n<\/div>\n<\/div>\n<div id=\"cmsmasters_row_rtmmzxaxnb\" class=\"cmsmasters_row cmsmasters_color_scheme_default cmsmasters_row_top_default cmsmasters_row_bot_default cmsmasters_row_boxed\">\n<div class=\"cmsmasters_row_outer_parent\">\n<div class=\"cmsmasters_row_outer\">\n<div class=\"cmsmasters_row_inner\">\n<div class=\"cmsmasters_row_margin\">\n<div id=\"cmsmasters_column_brxfw0dt8h\" class=\"cmsmasters_column one_first\">\n<div class=\"cmsmasters_column_inner\"><div class=\"cmsmasters_text\">\n<p style=\"text-align: center;\"><span style=\"font-family: arial, helvetica, sans-serif; font-size: 12pt;\">\u00bfSabias que? La Lactancia Materna es <strong>AMOR<\/strong> convertido en <em>Alimento.<\/em><\/span><\/p>\n<p style=\"text-align: center;\"><span style=\"font-family: arial, helvetica, sans-serif;\">Cl\u00ecnica La Merced apoya la Lactancia Materna<\/span><\/p>\n<p style=\"text-align: center;\"><span style=\"font-family: arial, helvetica, sans-serif;\"><strong>LECHE MATERNA = M\u00c1S SALUD PARA TU BEB\u00c9 <\/strong><\/span><\/p>\n<\/div>\n<\/div><\/div>\n<\/div>\n<\/div>\n<\/div>\n<\/div>\n<\/div>\n<div id=\"cmsmasters_row_g4vqpeh9h6\" class=\"cmsmasters_row cmsmasters_color_scheme_default cmsmasters_row_top_default cmsmasters_row_bot_default cmsmasters_row_boxed\">\n<div class=\"cmsmasters_row_outer_parent\">\n<div class=\"cmsmasters_row_outer\">\n<div class=\"cmsmasters_row_inner\">\n<div class=\"cmsmasters_row_margin\">\n<div id=\"cmsmasters_column_hucugvraws\" class=\"cmsmasters_column one_fourth\">\n<div class=\"cmsmasters_column_inner\"><div id=\"cmsmasters_heading_11snpwuw5v\" class=\"cmsmasters_heading_wrap cmsmasters_heading_align_center\">\n\t<h4 class=\"cmsmasters_heading\">UN BUEN COMIENZO <\/h4>\n<\/div><div id=\"cmsmasters_fb_mqppceskci\" class=\"cmsmasters_featured_block\">\n<div class=\"featured_block_inner\">\n<div class=\"featured_block_text\">\n<p style=\"text-align: center;\"><span style=\"font-family: arial, helvetica, sans-serif; font-size: 12pt; color: #ffffff;\">Los bebes que son alimentados exclusivamente con leche materna desde el nacimiento hasta los 6 meses tienen el mejor comienzo.<\/span><\/p>\n\n<\/div>\n<\/div>\n<\/div>\n<\/div><\/div>\n<div id=\"cmsmasters_column_a586rlvb7n\" class=\"cmsmasters_column one_fourth\">\n<div class=\"cmsmasters_column_inner\"><div id=\"cmsmasters_heading_v9ul1g68qi\" class=\"cmsmasters_heading_wrap cmsmasters_heading_align_center\">\n\t<h5 class=\"cmsmasters_heading\">Y UN MEJOR DESARROLLO<\/h5>\n<\/div><div id=\"cmsmasters_fb_cjcbicggqe\" class=\"cmsmasters_featured_block\">\n<div class=\"featured_block_inner\">\n<div class=\"featured_block_text\">\n<p style=\"text-align: center;\"><span style=\"font-family: arial, helvetica, sans-serif; font-size: 12pt; color: #ffffff;\">La lactancia materna exclusiva proporciona una nutrici\u00f3n perfecta, el beb\u00e9 recibe todo lo que necesita para su crecimiento y su \u00f3ptimo desarrollo cerebral.<\/span><\/p>\n\n<\/div>\n<\/div>\n<\/div>\n<\/div><\/div>\n<div id=\"cmsmasters_column_rhhfh4phs\" class=\"cmsmasters_column one_fourth\">\n<div class=\"cmsmasters_column_inner\"><div id=\"cmsmasters_heading_6d3cdaw5n\" class=\"cmsmasters_heading_wrap cmsmasters_heading_align_center\">\n\t<h5 class=\"cmsmasters_heading\">PROTEGE A TU NI\u00d1O PEQUE\u00d1O<\/h5>\n<\/div><div id=\"cmsmasters_fb_okxwbbi39i\" class=\"cmsmasters_featured_block\">\n<div class=\"featured_block_inner\">\n<div class=\"featured_block_text\">\n<p style=\"text-align: center;\"><span style=\"font-family: arial, helvetica, sans-serif; font-size: 12pt; color: #ffffff;\">La lactancia materna provee protecci\u00f3n frente a las infecciones respiratorias, diarreas y otras enfermedades graves para la vida de tu hijo.<\/span><\/p>\n\n<\/div>\n<\/div>\n<\/div>\n<\/div><\/div>\n<div id=\"cmsmasters_column_x8gqav05r\" class=\"cmsmasters_column one_fourth\">\n<div class=\"cmsmasters_column_inner\"><div id=\"cmsmasters_heading_iq6up28z2h\" class=\"cmsmasters_heading_wrap cmsmasters_heading_align_center\">\n\t<h5 class=\"cmsmasters_heading\">Y SIGUE PROTEGIENDO AL ADULTO<\/h5>\n<\/div><div id=\"cmsmasters_fb_g52ydktuw\" class=\"cmsmasters_featured_block\">\n<div class=\"featured_block_inner\">\n<div class=\"featured_block_text\">\n<p style=\"text-align: center;\"><span style=\"font-family: arial, helvetica, sans-serif; font-size: 12pt; color: #ffffff;\">Los adolescentes o adultos que fueron alimentados con leche materna tienen mayor protecci\u00f3n contra la obesidad y enfermedades no transmisibles, tales como asma y diabetes.<\/span><\/p>\n\n<\/div>\n<\/div>\n<\/div>\n<\/div><\/div>\n<\/div>\n<\/div>\n<\/div>\n<\/div>\n<\/div>\n<div id=\"cmsmasters_row_m0i6y9gnhe\" class=\"cmsmasters_row cmsmasters_color_scheme_default cmsmasters_row_top_default cmsmasters_row_bot_default cmsmasters_row_boxed\">\n<div class=\"cmsmasters_row_outer_parent\">\n<div class=\"cmsmasters_row_outer\">\n<div class=\"cmsmasters_row_inner\">\n<div class=\"cmsmasters_row_margin\">\n<div id=\"cmsmasters_column_xjx72bun08\" class=\"cmsmasters_column one_half\">\n<div class=\"cmsmasters_column_inner\"><div id=\"cmsmasters_fb_9sy3rc57v\" class=\"cmsmasters_featured_block\">\n<div class=\"featured_block_inner\">\n<div class=\"featured_block_text\">\n<p><img loading=\"lazy\" decoding=\"async\" class=\"aligncenter wp-image-14961 size-full\" src=\"http:\/\/clinicalamerced.montesyco.com\/wp-content\/uploads\/2020\/03\/bolso_materno_7.jpg\" alt=\"\" width=\"960\" height=\"960\" srcset=\"https:\/\/clinicalamerced.com\/co\/wp-content\/uploads\/2020\/03\/bolso_materno_7.jpg 960w, https:\/\/clinicalamerced.com\/co\/wp-content\/uploads\/2020\/03\/bolso_materno_7-300x300.jpg 300w, https:\/\/clinicalamerced.com\/co\/wp-content\/uploads\/2020\/03\/bolso_materno_7-150x150.jpg 150w, https:\/\/clinicalamerced.com\/co\/wp-content\/uploads\/2020\/03\/bolso_materno_7-768x768.jpg 768w, https:\/\/clinicalamerced.com\/co\/wp-content\/uploads\/2020\/03\/bolso_materno_7-65x65.jpg 65w, https:\/\/clinicalamerced.com\/co\/wp-content\/uploads\/2020\/03\/bolso_materno_7-500x500.jpg 500w, https:\/\/clinicalamerced.com\/co\/wp-content\/uploads\/2020\/03\/bolso_materno_7-580x580.jpg 580w, https:\/\/clinicalamerced.com\/co\/wp-content\/uploads\/2020\/03\/bolso_materno_7-860x860.jpg 860w, https:\/\/clinicalamerced.com\/co\/wp-content\/uploads\/2020\/03\/bolso_materno_7-600x600.jpg 600w, https:\/\/clinicalamerced.com\/co\/wp-content\/uploads\/2020\/03\/bolso_materno_7-100x100.jpg 100w\" sizes=\"auto, (max-width: 960px) 100vw, 960px\" \/><\/p>\n\n<\/div>\n<\/div>\n<\/div>\n<\/div><\/div>\n<div id=\"cmsmasters_column_e4fopatzch\" class=\"cmsmasters_column one_half\">\n<div class=\"cmsmasters_column_inner\"><div id=\"cmsmasters_heading_y3tkw2q88r\" class=\"cmsmasters_heading_wrap cmsmasters_heading_align_center\">\n\t<h2 class=\"cmsmasters_heading\">PARA TI MAM\u00c1<\/h2>\n<\/div><div id=\"cmsmasters_fb_o432chrfjp\" class=\"cmsmasters_featured_block\">\n<div class=\"featured_block_inner\">\n<div class=\"featured_block_text\">\n<ul>\n<li><span style=\"font-family: arial, helvetica, sans-serif; font-size: 14pt; color: #808080;\">Dos camisones con abertura en el frente.<\/span><\/li>\n<li><span style=\"font-family: arial, helvetica, sans-serif; font-size: 14pt; color: #808080;\">Varias prendas de ropa interior c\u00f3moda.<\/span><\/li>\n<li><span style=\"font-family: arial, helvetica, sans-serif; font-size: 14pt; color: #808080;\">Toallas sanitarias para flujo abundante.<\/span><\/li>\n<li><span style=\"font-family: arial, helvetica, sans-serif; font-size: 14pt; color: #333333;\"><span style=\"color: #808080;\">Un conjunto de ropa c\u00f3moda para ponerte al dejar el hospital<\/span>.<\/span><\/li>\n<\/ul>\n\n<\/div>\n<\/div>\n<\/div>\n<div id=\"cmsmasters_heading_wj6dl1g47i\" class=\"cmsmasters_heading_wrap cmsmasters_heading_align_center\">\n\t<h2 class=\"cmsmasters_heading\">PARA TU BEB\u00c9<\/h2>\n<\/div><div id=\"cmsmasters_fb_bhd7df4i7q\" class=\"cmsmasters_featured_block\">\n<div class=\"featured_block_inner\">\n<div class=\"featured_block_text\">\n<ul>\n<li><span style=\"font-family: arial, helvetica, sans-serif; font-size: 14pt; color: #808080;\">Tres mamelucos con piernas y mangas largas que se cierren por delante.<\/span><\/li>\n<li><span style=\"font-family: arial, helvetica, sans-serif; font-size: 14pt; color: #808080;\">Medias, mitones y gorro.<\/span><\/li>\n<li><span style=\"font-family: arial, helvetica, sans-serif; font-size: 14pt; color: #808080;\">Conjunto de ropa para volver a casa.<\/span><\/li>\n<li><span style=\"font-family: arial, helvetica, sans-serif; font-size: 14pt; color: #808080;\">Alrededor de 20 a 30 pa\u00f1ales.<\/span><\/li>\n<li><span style=\"font-family: arial, helvetica, sans-serif; font-size: 14pt; color: #808080;\">Toallitas h\u00famedas para beb\u00e9s.<\/span><\/li>\n<\/ul>\n\n<\/div>\n<\/div>\n<\/div>\n<\/div><\/div>\n<\/div>\n<\/div>\n<\/div>\n<\/div>\n<\/div>\n<div id=\"cmsmasters_row_ktbtenugxa\" class=\"cmsmasters_row cmsmasters_color_scheme_default cmsmasters_row_top_default cmsmasters_row_bot_default cmsmasters_row_boxed\">\n<div class=\"cmsmasters_row_outer_parent\">\n<div class=\"cmsmasters_row_outer\">\n<div class=\"cmsmasters_row_inner\">\n<div class=\"cmsmasters_row_margin\">\n<div id=\"cmsmasters_column_pi7auasccg\" class=\"cmsmasters_column one_first\">\n<div class=\"cmsmasters_column_inner\"><div id=\"cmsmasters_fb_85mrt4ipmg\" class=\"cmsmasters_featured_block\">\n<div class=\"featured_block_inner\">\n<div class=\"featured_block_text\">\n<p><img loading=\"lazy\" decoding=\"async\" class=\"aligncenter wp-image-14983\" src=\"http:\/\/clinicalamerced.montesyco.com\/wp-content\/uploads\/2020\/03\/conoceme-la-merced.jpg\" alt=\"\" width=\"2000\" height=\"505\" srcset=\"https:\/\/clinicalamerced.com\/co\/wp-content\/uploads\/2020\/03\/conoceme-la-merced.jpg 1980w, https:\/\/clinicalamerced.com\/co\/wp-content\/uploads\/2020\/03\/conoceme-la-merced-300x76.jpg 300w, https:\/\/clinicalamerced.com\/co\/wp-content\/uploads\/2020\/03\/conoceme-la-merced-1024x259.jpg 1024w, https:\/\/clinicalamerced.com\/co\/wp-content\/uploads\/2020\/03\/conoceme-la-merced-768x194.jpg 768w, https:\/\/clinicalamerced.com\/co\/wp-content\/uploads\/2020\/03\/conoceme-la-merced-1536x388.jpg 1536w, https:\/\/clinicalamerced.com\/co\/wp-content\/uploads\/2020\/03\/conoceme-la-merced-580x146.jpg 580w, https:\/\/clinicalamerced.com\/co\/wp-content\/uploads\/2020\/03\/conoceme-la-merced-860x217.jpg 860w, https:\/\/clinicalamerced.com\/co\/wp-content\/uploads\/2020\/03\/conoceme-la-merced-1160x293.jpg 1160w, https:\/\/clinicalamerced.com\/co\/wp-content\/uploads\/2020\/03\/conoceme-la-merced-600x152.jpg 600w\" sizes=\"auto, (max-width: 2000px) 100vw, 2000px\" \/><\/p>\n\n<\/div>\n<\/div>\n<\/div>\n<\/div><\/div>\n<\/div>\n<\/div>\n<\/div>\n<\/div>\n<\/div>\n<div id=\"cmsmasters_row_ipsv2xnc1q\" class=\"cmsmasters_row cmsmasters_color_scheme_default cmsmasters_row_top_default cmsmasters_row_bot_default cmsmasters_row_boxed\">\n<div class=\"cmsmasters_row_outer_parent\">\n<div class=\"cmsmasters_row_outer\">\n<div class=\"cmsmasters_row_inner\">\n<div class=\"cmsmasters_row_margin\">\n<div id=\"cmsmasters_column_0uh982v3w\" class=\"cmsmasters_column one_first\">\n<div class=\"cmsmasters_column_inner\"><div class=\"cmsmasters_text\">\n<p>[fts_facebook type=album_photos id=1923674011182460 access_token=EAAP9hArvboQBACUUMfIiZCbq499m5lW4wmuounRQO33hDrl7bqlcUYWmZBMGZARBUuzRckhZAgUAuZADJNlkDv04FpyCFdurxrOsfZCAAkTlyH8tDFj5vlYryZBVUD7JrHn4XusOL289daIiw6ZCBR2adjd96GZBUeiInZBn2Bs4D7YAZDZD posts=6 description=no album_id=2501613080055214 image_width=250px image_height=250px space_between_photos=5px hide_date_likes_comments=no center_container=yes]<\/p>\n<\/div>\n<\/div><\/div>\n<\/div>\n<\/div>\n<\/div>\n<\/div>\n<\/div>\n\n","protected":false},"excerpt":{"rendered":"","protected":false},"author":1,"featured_media":0,"parent":0,"menu_order":0,"comment_status":"closed","ping_status":"closed","template":"","meta":{"footnotes":""},"class_list":["post-14346","page","type-page","status-publish","hentry"],"yoast_head":"<!-- This site is optimized with the Yoast SEO plugin v27.2 - https:\/\/yoast.com\/product\/yoast-seo-wordpress\/ -->\n<title>Con\u00f3ceme - Clinica La Merced<\/title>\n<meta name=\"robots\" content=\"index, follow, max-snippet:-1, max-image-preview:large, max-video-preview:-1\" \/>\n<link rel=\"canonical\" href=\"https:\/\/clinicalamerced.com\/co\/conoceme\/\" \/>\n<meta property=\"og:locale\" content=\"es_ES\" \/>\n<meta property=\"og:type\" content=\"article\" \/>\n<meta property=\"og:title\" content=\"Con\u00f3ceme - Clinica La Merced\" \/>\n<meta property=\"og:url\" content=\"https:\/\/clinicalamerced.com\/co\/conoceme\/\" \/>\n<meta property=\"og:site_name\" content=\"Clinica La Merced\" \/>\n<meta property=\"article:modified_time\" content=\"2020-03-31T23:36:30+00:00\" \/>\n<meta property=\"og:image\" content=\"http:\/\/clinicalamerced.montesyco.com\/wp-content\/uploads\/2020\/03\/lactancia.jpg\" \/>\n<meta name=\"twitter:card\" content=\"summary_large_image\" \/>\n<meta name=\"twitter:label1\" content=\"Tiempo de lectura\" \/>\n\t<meta name=\"twitter:data1\" content=\"10 minutos\" \/>\n<script type=\"application\/ld+json\" class=\"yoast-schema-graph\">{\"@context\":\"https:\/\/schema.org\",\"@graph\":[{\"@type\":\"WebPage\",\"@id\":\"https:\/\/clinicalamerced.com\/co\/conoceme\/\",\"url\":\"https:\/\/clinicalamerced.com\/co\/conoceme\/\",\"name\":\"Con\u00f3ceme - Clinica La Merced\",\"isPartOf\":{\"@id\":\"https:\/\/clinicalamerced.com\/co\/#website\"},\"primaryImageOfPage\":{\"@id\":\"https:\/\/clinicalamerced.com\/co\/conoceme\/#primaryimage\"},\"image\":{\"@id\":\"https:\/\/clinicalamerced.com\/co\/conoceme\/#primaryimage\"},\"thumbnailUrl\":\"http:\/\/clinicalamerced.montesyco.com\/wp-content\/uploads\/2020\/03\/lactancia.jpg\",\"datePublished\":\"2020-01-11T14:17:18+00:00\",\"dateModified\":\"2020-03-31T23:36:30+00:00\",\"breadcrumb\":{\"@id\":\"https:\/\/clinicalamerced.com\/co\/conoceme\/#breadcrumb\"},\"inLanguage\":\"es\",\"potentialAction\":[{\"@type\":\"ReadAction\",\"target\":[\"https:\/\/clinicalamerced.com\/co\/conoceme\/\"]}]},{\"@type\":\"ImageObject\",\"inLanguage\":\"es\",\"@id\":\"https:\/\/clinicalamerced.com\/co\/conoceme\/#primaryimage\",\"url\":\"http:\/\/clinicalamerced.montesyco.com\/wp-content\/uploads\/2020\/03\/lactancia.jpg\",\"contentUrl\":\"http:\/\/clinicalamerced.montesyco.com\/wp-content\/uploads\/2020\/03\/lactancia.jpg\"},{\"@type\":\"BreadcrumbList\",\"@id\":\"https:\/\/clinicalamerced.com\/co\/conoceme\/#breadcrumb\",\"itemListElement\":[{\"@type\":\"ListItem\",\"position\":1,\"name\":\"Portada\",\"item\":\"https:\/\/clinicalamerced.com\/co\/\"},{\"@type\":\"ListItem\",\"position\":2,\"name\":\"Con\u00f3ceme\"}]},{\"@type\":\"WebSite\",\"@id\":\"https:\/\/clinicalamerced.com\/co\/#website\",\"url\":\"https:\/\/clinicalamerced.com\/co\/\",\"name\":\"Clinica La Merced\",\"description\":\"La Cl\u00ednica fundamenta su accionar en una excelente calidad, basada en la normatividad legal vigente.\",\"potentialAction\":[{\"@type\":\"SearchAction\",\"target\":{\"@type\":\"EntryPoint\",\"urlTemplate\":\"https:\/\/clinicalamerced.com\/co\/?s={search_term_string}\"},\"query-input\":{\"@type\":\"PropertyValueSpecification\",\"valueRequired\":true,\"valueName\":\"search_term_string\"}}],\"inLanguage\":\"es\"}]}<\/script>\n<!-- \/ Yoast SEO plugin. -->","yoast_head_json":{"title":"Con\u00f3ceme - Clinica La Merced","robots":{"index":"index","follow":"follow","max-snippet":"max-snippet:-1","max-image-preview":"max-image-preview:large","max-video-preview":"max-video-preview:-1"},"canonical":"https:\/\/clinicalamerced.com\/co\/conoceme\/","og_locale":"es_ES","og_type":"article","og_title":"Con\u00f3ceme - Clinica La Merced","og_url":"https:\/\/clinicalamerced.com\/co\/conoceme\/","og_site_name":"Clinica La Merced","article_modified_time":"2020-03-31T23:36:30+00:00","og_image":[{"url":"http:\/\/clinicalamerced.montesyco.com\/wp-content\/uploads\/2020\/03\/lactancia.jpg","type":"","width":"","height":""}],"twitter_card":"summary_large_image","twitter_misc":{"Tiempo de lectura":"10 minutos"},"schema":{"@context":"https:\/\/schema.org","@graph":[{"@type":"WebPage","@id":"https:\/\/clinicalamerced.com\/co\/conoceme\/","url":"https:\/\/clinicalamerced.com\/co\/conoceme\/","name":"Con\u00f3ceme - Clinica La Merced","isPartOf":{"@id":"https:\/\/clinicalamerced.com\/co\/#website"},"primaryImageOfPage":{"@id":"https:\/\/clinicalamerced.com\/co\/conoceme\/#primaryimage"},"image":{"@id":"https:\/\/clinicalamerced.com\/co\/conoceme\/#primaryimage"},"thumbnailUrl":"http:\/\/clinicalamerced.montesyco.com\/wp-content\/uploads\/2020\/03\/lactancia.jpg","datePublished":"2020-01-11T14:17:18+00:00","dateModified":"2020-03-31T23:36:30+00:00","breadcrumb":{"@id":"https:\/\/clinicalamerced.com\/co\/conoceme\/#breadcrumb"},"inLanguage":"es","potentialAction":[{"@type":"ReadAction","target":["https:\/\/clinicalamerced.com\/co\/conoceme\/"]}]},{"@type":"ImageObject","inLanguage":"es","@id":"https:\/\/clinicalamerced.com\/co\/conoceme\/#primaryimage","url":"http:\/\/clinicalamerced.montesyco.com\/wp-content\/uploads\/2020\/03\/lactancia.jpg","contentUrl":"http:\/\/clinicalamerced.montesyco.com\/wp-content\/uploads\/2020\/03\/lactancia.jpg"},{"@type":"BreadcrumbList","@id":"https:\/\/clinicalamerced.com\/co\/conoceme\/#breadcrumb","itemListElement":[{"@type":"ListItem","position":1,"name":"Portada","item":"https:\/\/clinicalamerced.com\/co\/"},{"@type":"ListItem","position":2,"name":"Con\u00f3ceme"}]},{"@type":"WebSite","@id":"https:\/\/clinicalamerced.com\/co\/#website","url":"https:\/\/clinicalamerced.com\/co\/","name":"Clinica La Merced","description":"La Cl\u00ednica fundamenta su accionar en una excelente calidad, basada en la normatividad legal vigente.","potentialAction":[{"@type":"SearchAction","target":{"@type":"EntryPoint","urlTemplate":"https:\/\/clinicalamerced.com\/co\/?s={search_term_string}"},"query-input":{"@type":"PropertyValueSpecification","valueRequired":true,"valueName":"search_term_string"}}],"inLanguage":"es"}]}},"_links":{"self":[{"href":"https:\/\/clinicalamerced.com\/co\/wp-json\/wp\/v2\/pages\/14346","targetHints":{"allow":["GET"]}}],"collection":[{"href":"https:\/\/clinicalamerced.com\/co\/wp-json\/wp\/v2\/pages"}],"about":[{"href":"https:\/\/clinicalamerced.com\/co\/wp-json\/wp\/v2\/types\/page"}],"author":[{"embeddable":true,"href":"https:\/\/clinicalamerced.com\/co\/wp-json\/wp\/v2\/users\/1"}],"replies":[{"embeddable":true,"href":"https:\/\/clinicalamerced.com\/co\/wp-json\/wp\/v2\/comments?post=14346"}],"version-history":[{"count":0,"href":"https:\/\/clinicalamerced.com\/co\/wp-json\/wp\/v2\/pages\/14346\/revisions"}],"wp:attachment":[{"href":"https:\/\/clinicalamerced.com\/co\/wp-json\/wp\/v2\/media?parent=14346"}],"curies":[{"name":"wp","href":"https:\/\/api.w.org\/{rel}","templated":true}]}}