{"id":13960,"date":"2019-12-19T23:00:29","date_gmt":"2019-12-20T04:00:29","guid":{"rendered":"http:\/\/clinicalamerced.montesyco.com\/?page_id=13960"},"modified":"2019-12-27T22:03:30","modified_gmt":"2019-12-28T03:03:30","slug":"politica-de-prevencion","status":"publish","type":"page","link":"https:\/\/clinicalamerced.com\/co\/politica-de-prevencion\/","title":{"rendered":"Pol\u00edtica de Prevenci\u00f3n"},"content":{"rendered":"<div id=\"cmsmasters_row_s2gt3etzhw\" class=\"cmsmasters_row cmsmasters_color_scheme_default cmsmasters_row_top_default cmsmasters_row_bot_default cmsmasters_row_boxed\">\n<div class=\"cmsmasters_row_outer_parent\">\n<div class=\"cmsmasters_row_outer\">\n<div class=\"cmsmasters_row_inner\">\n<div class=\"cmsmasters_row_margin\">\n<div id=\"cmsmasters_column_hn2cgw1nd\" class=\"cmsmasters_column one_first\">\n<div class=\"cmsmasters_column_inner\"><div class=\"cmsmasters_text\">\n<h2 style=\"text-align: justify;\"><span style=\"font-family: arial, helvetica, sans-serif; color: #3a3e3d;\">Pol\u00edtica De Prevenci\u00f3n Y Control Al Alcoholismo, Tabaquismo Y Farmacodependencia<\/span><\/h2>\n<p style=\"text-align: justify;\"><span style=\"font-family: arial, helvetica, sans-serif; font-size: 12pt;\">Es pol\u00edtica de CLINICA LA MERCED BARRANQUILLA S.A.S generar un ambiente de trabajo sano, seguro y adecuado para todos los clientes internos y externos que hacen parte de la instituci\u00f3n. Por lo tanto y de acuerdo con la pol\u00edtica de la cl\u00ednica en cuanto a sustancias psicoactivas se constituye:<\/span><br \/>\n<span style=\"font-family: arial, helvetica, sans-serif; font-size: 12pt;\">Violaci\u00f3n a la pol\u00edtica de la instituci\u00f3n que un colaborador se presente a trabajar bajo la influencia del alcohol u de otra sustancia psicoactiva, enti\u00e9ndase estas como coca\u00edna, anfetaminas, barbit\u00faricos, hero\u00edna, marihuana, LSD.<\/span><\/p>\n<p style=\"text-align: justify;\"><span style=\"font-family: arial, helvetica, sans-serif; font-size: 12pt;\">Violaci\u00f3n a las pol\u00edticas de la instituci\u00f3n que un empleado utilice, posea, venda o distribuya sustancias psicoactivas en el trabajo tales como: coca\u00edna, anfetaminas, barbit\u00faricos, hero\u00edna, marihuana, LSD, derivados de todas estas sustancias y alcohol et\u00edlico entre otras sustancias existentes.<\/span><\/p>\n<p style=\"text-align: justify;\"><span style=\"font-family: arial, helvetica, sans-serif; font-size: 12pt;\">Cada empleado deber\u00e1 informar de manera obligatoria si debe utilizar por orden m\u00e9dica alg\u00fan tipo de medicamento que pudiera afectar el cumplimiento seguro de sus cometidos.<\/span><\/p>\n<p style=\"text-align: justify;\"><span style=\"font-family: arial, helvetica, sans-serif; font-size: 12pt;\">Se podr\u00e1 llevar a cabo y de forma no anunciada visitas de inspecci\u00f3n en busca de sustancias consideradas como enervantes, as\u00ed como muestras de control a los trabajadores a partir de muestras de aire orina aliento y\/o sangre.<\/span><\/p>\n<p style=\"text-align: justify;\"><span style=\"font-family: arial, helvetica, sans-serif; font-size: 12pt;\">Es responsabilidad directa del trabajador velar por su propio bienestar y cuidar de su salud por tanto CLINICA LA MERCED BARRANQUILLA S.A.S se compromete a fomentar campa\u00f1as de estilo de vida saludable, informando al colaborador los efectos nocivos para la salud que sobreviven del consumo de estas sustancias y de asumir la responsabilidad y el compromiso de adelantar el Sistema de Gesti\u00f3n de seguridad y salud en el trabajo. Esta pol\u00edtica aplica a todos los colaboradores empleados y contratistas y es responsabilidad de todos contribuir en el en el cumplimiento de la misma con las normas y procedimientos establecidos.<\/span><\/p>\n<p style=\"text-align: justify;\"><span style=\"font-family: arial, helvetica, sans-serif; font-size: 12pt;\">Esta pol\u00edtica va acorde al cumplimiento de los aspectos legales vigentes, cualquier cambio en la normatividad y\/o a consideraci\u00f3n de la empresa ser\u00e1 revisada y actualizada.<\/span><\/p>\n<\/div>\n<\/div><\/div>\n<\/div>\n<\/div>\n<\/div>\n<\/div>\n<\/div>\n\n","protected":false},"excerpt":{"rendered":"","protected":false},"author":1,"featured_media":0,"parent":0,"menu_order":0,"comment_status":"closed","ping_status":"closed","template":"","meta":{"footnotes":""},"class_list":["post-13960","page","type-page","status-publish","hentry"],"yoast_head":"<!-- This site is optimized with the Yoast SEO plugin v27.2 - https:\/\/yoast.com\/product\/yoast-seo-wordpress\/ -->\n<title>Pol\u00edtica de Prevenci\u00f3n - Clinica La Merced<\/title>\n<meta name=\"robots\" content=\"index, follow, max-snippet:-1, max-image-preview:large, max-video-preview:-1\" \/>\n<link rel=\"canonical\" href=\"https:\/\/clinicalamerced.com\/co\/politica-de-prevencion\/\" \/>\n<meta property=\"og:locale\" content=\"es_ES\" \/>\n<meta property=\"og:type\" content=\"article\" \/>\n<meta property=\"og:title\" content=\"Pol\u00edtica de Prevenci\u00f3n - Clinica La Merced\" \/>\n<meta property=\"og:url\" content=\"https:\/\/clinicalamerced.com\/co\/politica-de-prevencion\/\" \/>\n<meta property=\"og:site_name\" content=\"Clinica La Merced\" \/>\n<meta property=\"article:modified_time\" content=\"2019-12-28T03:03:30+00:00\" \/>\n<meta name=\"twitter:card\" content=\"summary_large_image\" \/>\n<meta name=\"twitter:label1\" content=\"Tiempo de lectura\" \/>\n\t<meta name=\"twitter:data1\" content=\"3 minutos\" \/>\n<script type=\"application\/ld+json\" class=\"yoast-schema-graph\">{\"@context\":\"https:\/\/schema.org\",\"@graph\":[{\"@type\":\"WebPage\",\"@id\":\"https:\/\/clinicalamerced.com\/co\/politica-de-prevencion\/\",\"url\":\"https:\/\/clinicalamerced.com\/co\/politica-de-prevencion\/\",\"name\":\"Pol\u00edtica de Prevenci\u00f3n - Clinica La Merced\",\"isPartOf\":{\"@id\":\"https:\/\/clinicalamerced.com\/co\/#website\"},\"datePublished\":\"2019-12-20T04:00:29+00:00\",\"dateModified\":\"2019-12-28T03:03:30+00:00\",\"breadcrumb\":{\"@id\":\"https:\/\/clinicalamerced.com\/co\/politica-de-prevencion\/#breadcrumb\"},\"inLanguage\":\"es\",\"potentialAction\":[{\"@type\":\"ReadAction\",\"target\":[\"https:\/\/clinicalamerced.com\/co\/politica-de-prevencion\/\"]}]},{\"@type\":\"BreadcrumbList\",\"@id\":\"https:\/\/clinicalamerced.com\/co\/politica-de-prevencion\/#breadcrumb\",\"itemListElement\":[{\"@type\":\"ListItem\",\"position\":1,\"name\":\"Portada\",\"item\":\"https:\/\/clinicalamerced.com\/co\/\"},{\"@type\":\"ListItem\",\"position\":2,\"name\":\"Pol\u00edtica de Prevenci\u00f3n\"}]},{\"@type\":\"WebSite\",\"@id\":\"https:\/\/clinicalamerced.com\/co\/#website\",\"url\":\"https:\/\/clinicalamerced.com\/co\/\",\"name\":\"Clinica La Merced\",\"description\":\"La Cl\u00ednica fundamenta su accionar en una excelente calidad, basada en la normatividad legal vigente.\",\"potentialAction\":[{\"@type\":\"SearchAction\",\"target\":{\"@type\":\"EntryPoint\",\"urlTemplate\":\"https:\/\/clinicalamerced.com\/co\/?s={search_term_string}\"},\"query-input\":{\"@type\":\"PropertyValueSpecification\",\"valueRequired\":true,\"valueName\":\"search_term_string\"}}],\"inLanguage\":\"es\"}]}<\/script>\n<!-- \/ Yoast SEO plugin. -->","yoast_head_json":{"title":"Pol\u00edtica de Prevenci\u00f3n - Clinica La Merced","robots":{"index":"index","follow":"follow","max-snippet":"max-snippet:-1","max-image-preview":"max-image-preview:large","max-video-preview":"max-video-preview:-1"},"canonical":"https:\/\/clinicalamerced.com\/co\/politica-de-prevencion\/","og_locale":"es_ES","og_type":"article","og_title":"Pol\u00edtica de Prevenci\u00f3n - Clinica La Merced","og_url":"https:\/\/clinicalamerced.com\/co\/politica-de-prevencion\/","og_site_name":"Clinica La Merced","article_modified_time":"2019-12-28T03:03:30+00:00","twitter_card":"summary_large_image","twitter_misc":{"Tiempo de lectura":"3 minutos"},"schema":{"@context":"https:\/\/schema.org","@graph":[{"@type":"WebPage","@id":"https:\/\/clinicalamerced.com\/co\/politica-de-prevencion\/","url":"https:\/\/clinicalamerced.com\/co\/politica-de-prevencion\/","name":"Pol\u00edtica de Prevenci\u00f3n - Clinica La Merced","isPartOf":{"@id":"https:\/\/clinicalamerced.com\/co\/#website"},"datePublished":"2019-12-20T04:00:29+00:00","dateModified":"2019-12-28T03:03:30+00:00","breadcrumb":{"@id":"https:\/\/clinicalamerced.com\/co\/politica-de-prevencion\/#breadcrumb"},"inLanguage":"es","potentialAction":[{"@type":"ReadAction","target":["https:\/\/clinicalamerced.com\/co\/politica-de-prevencion\/"]}]},{"@type":"BreadcrumbList","@id":"https:\/\/clinicalamerced.com\/co\/politica-de-prevencion\/#breadcrumb","itemListElement":[{"@type":"ListItem","position":1,"name":"Portada","item":"https:\/\/clinicalamerced.com\/co\/"},{"@type":"ListItem","position":2,"name":"Pol\u00edtica de Prevenci\u00f3n"}]},{"@type":"WebSite","@id":"https:\/\/clinicalamerced.com\/co\/#website","url":"https:\/\/clinicalamerced.com\/co\/","name":"Clinica La Merced","description":"La Cl\u00ednica fundamenta su accionar en una excelente calidad, basada en la normatividad legal vigente.","potentialAction":[{"@type":"SearchAction","target":{"@type":"EntryPoint","urlTemplate":"https:\/\/clinicalamerced.com\/co\/?s={search_term_string}"},"query-input":{"@type":"PropertyValueSpecification","valueRequired":true,"valueName":"search_term_string"}}],"inLanguage":"es"}]}},"_links":{"self":[{"href":"https:\/\/clinicalamerced.com\/co\/wp-json\/wp\/v2\/pages\/13960","targetHints":{"allow":["GET"]}}],"collection":[{"href":"https:\/\/clinicalamerced.com\/co\/wp-json\/wp\/v2\/pages"}],"about":[{"href":"https:\/\/clinicalamerced.com\/co\/wp-json\/wp\/v2\/types\/page"}],"author":[{"embeddable":true,"href":"https:\/\/clinicalamerced.com\/co\/wp-json\/wp\/v2\/users\/1"}],"replies":[{"embeddable":true,"href":"https:\/\/clinicalamerced.com\/co\/wp-json\/wp\/v2\/comments?post=13960"}],"version-history":[{"count":0,"href":"https:\/\/clinicalamerced.com\/co\/wp-json\/wp\/v2\/pages\/13960\/revisions"}],"wp:attachment":[{"href":"https:\/\/clinicalamerced.com\/co\/wp-json\/wp\/v2\/media?parent=13960"}],"curies":[{"name":"wp","href":"https:\/\/api.w.org\/{rel}","templated":true}]}}