{"id":13956,"date":"2019-12-19T22:54:04","date_gmt":"2019-12-20T03:54:04","guid":{"rendered":"http:\/\/clinicalamerced.montesyco.com\/?page_id=13956"},"modified":"2024-10-28T18:12:46","modified_gmt":"2024-10-28T23:12:46","slug":"derechos-y-deberes-de-los-pacientes","status":"publish","type":"page","link":"https:\/\/clinicalamerced.com\/co\/derechos-y-deberes-de-los-pacientes\/","title":{"rendered":"Derechos y Deberes de los Pacientes"},"content":{"rendered":"<div id=\"cmsmasters_row_b9v1taax2\" class=\"cmsmasters_row cmsmasters_color_scheme_default cmsmasters_row_top_default cmsmasters_row_bot_default cmsmasters_row_boxed\">\n<div class=\"cmsmasters_row_outer_parent\">\n<div class=\"cmsmasters_row_outer\">\n<div class=\"cmsmasters_row_inner\">\n<div class=\"cmsmasters_row_margin\">\n<div id=\"cmsmasters_column_en2x38fxe8\" class=\"cmsmasters_column one_first\">\n<div class=\"cmsmasters_column_inner\"><div class=\"cmsmasters_text\">\n<p style=\"text-align: justify;\"><span style=\"font-family: arial, helvetica, sans-serif; font-size: 12pt;\">Buscando proporcionar un sentido humanitario en el arte de la medicina y equilibrar las exigencias de los pacientes durante la prestaci\u00f3n del servicio; se invita a los funcionarios a reflexionar este conjunto de normas que garantizaran la base de la relaci\u00f3n entre el personal de la cl\u00ednica con los pacientes y familiares.<\/span><\/p>\n<h2 style=\"text-align: justify;\"><span style=\"font-family: arial, helvetica, sans-serif; font-size: 14pt;\">DERECHOS DE LOS PACIENTES:<\/span><\/h2>\n<p style=\"text-align: justify;\"><span style=\"font-family: arial, helvetica, sans-serif; font-size: 12pt;\">Todo paciente debe ejercer sin restricciones por motivos de raza, sexo, edad, idioma, religi\u00f3n, opiniones pol\u00edticas o de cualquier \u00edndole, origen social, posici\u00f3n econ\u00f3mica o condici\u00f3n social:<\/span><\/p>\n<ul>\n<li>Recibir una atenci\u00f3n oportuna, segura y de excelente calidad.<\/li>\n<li>Recibir un trato personalizado, digno, humano y \u00e9tico.<\/li>\n<li>Ser informado a todos los relativos a su atenci\u00f3n, teniendo en cuenta su estado emocional y su nivel de aprendizaje.<\/li>\n<li>Que todos los informes de la historia cl\u00ednica sean tratados de manera confidencial y solo con su autorizaci\u00f3n, puedan ser conocidos.<\/li>\n<li>Expresar y a que se tengan en cuenta sus deseos, necesidades y decisiones relacionadas con el proceso de atenci\u00f3n.<\/li>\n<li>No ser discriminado por su raz\u00f3n de raza, pol\u00edtica, credo religioso o por su propia situaci\u00f3n de salud.<\/li>\n<li>Morir con dignidad y a que se le respete su voluntad de permitir que el proceso de la muerte siga su curo natural en la fase terminal de su enfermedad.<\/li>\n<li>Recibir informaci\u00f3n sobre los casos econ\u00f3micos, su situaci\u00f3n particular y seguridad social.<\/li>\n<\/ul>\n<h2 style=\"text-align: justify;\"><span style=\"font-family: arial, helvetica, sans-serif; font-size: 14pt;\">DEBERES DE LOS PACIENTES<\/span><\/h2>\n<ul>\n<li>Brindar un trato respetuoso y digno al personal asistencial y administrativo.<\/li>\n<li>Informar de forma clara y oportuna en lo relativo a su estado de salud.<\/li>\n<li>Participar y responsabilizarse de su proceso de atenci\u00f3n y tratamiento.<\/li>\n<li>Acatar las recomendaciones m\u00e9dicas.<\/li>\n<li>Participar y responsabilizarse de su proceso de atenci\u00f3n y tratamiento.<\/li>\n<li>Colaborar con el cumplimiento de las normas, instrucciones de la cl\u00ednica y el equipo tratante.<\/li>\n<li>Cuidar y hacer uso racional de los recursos de la cl\u00ednica.<\/li>\n<li>Contribuir al cuidado del medio ambiente y cumplir con la correcta clasificaci\u00f3n de los residuos s\u00f3lidos hospitalarios.<\/li>\n<li>Responder econ\u00f3micamente por la atenci\u00f3n cuando la entidad en la cual se encuentra afiliado no autorice su atenci\u00f3n.<\/li>\n<li>Cancelar el copago estipulado por la ley cuando usted sea beneficiario.<\/li>\n<li>Si tiene alguna inquietud, queja o sugerencia ac\u00e9rquese a la oficina de atenci\u00f3n al usuario o manifi\u00e9stela en formatos de observaciones, quejas o sugerencias ubicadas en los buzones de cada servicio.<\/li>\n<\/ul>\n<\/div>\n<\/div><\/div>\n<\/div>\n<\/div>\n<\/div>\n<\/div>\n<\/div>\n\n","protected":false},"excerpt":{"rendered":"","protected":false},"author":1,"featured_media":0,"parent":0,"menu_order":0,"comment_status":"closed","ping_status":"closed","template":"","meta":{"footnotes":""},"class_list":["post-13956","page","type-page","status-publish","hentry"],"yoast_head":"<!-- This site is optimized with the Yoast SEO plugin v27.2 - https:\/\/yoast.com\/product\/yoast-seo-wordpress\/ -->\n<title>Derechos y Deberes de los Pacientes - Clinica La Merced<\/title>\n<meta name=\"robots\" content=\"index, follow, max-snippet:-1, max-image-preview:large, max-video-preview:-1\" \/>\n<link rel=\"canonical\" href=\"https:\/\/clinicalamerced.com\/co\/derechos-y-deberes-de-los-pacientes\/\" \/>\n<meta property=\"og:locale\" content=\"es_ES\" \/>\n<meta property=\"og:type\" content=\"article\" \/>\n<meta property=\"og:title\" content=\"Derechos y Deberes de los Pacientes - Clinica La Merced\" \/>\n<meta property=\"og:url\" content=\"https:\/\/clinicalamerced.com\/co\/derechos-y-deberes-de-los-pacientes\/\" \/>\n<meta property=\"og:site_name\" content=\"Clinica La Merced\" \/>\n<meta property=\"article:modified_time\" content=\"2024-10-28T23:12:46+00:00\" \/>\n<meta name=\"twitter:card\" content=\"summary_large_image\" \/>\n<meta name=\"twitter:label1\" content=\"Tiempo de lectura\" \/>\n\t<meta name=\"twitter:data1\" content=\"2 minutos\" \/>\n<script type=\"application\/ld+json\" class=\"yoast-schema-graph\">{\"@context\":\"https:\/\/schema.org\",\"@graph\":[{\"@type\":\"WebPage\",\"@id\":\"https:\/\/clinicalamerced.com\/co\/derechos-y-deberes-de-los-pacientes\/\",\"url\":\"https:\/\/clinicalamerced.com\/co\/derechos-y-deberes-de-los-pacientes\/\",\"name\":\"Derechos y Deberes de los Pacientes - Clinica La Merced\",\"isPartOf\":{\"@id\":\"https:\/\/clinicalamerced.com\/co\/#website\"},\"datePublished\":\"2019-12-20T03:54:04+00:00\",\"dateModified\":\"2024-10-28T23:12:46+00:00\",\"breadcrumb\":{\"@id\":\"https:\/\/clinicalamerced.com\/co\/derechos-y-deberes-de-los-pacientes\/#breadcrumb\"},\"inLanguage\":\"es\",\"potentialAction\":[{\"@type\":\"ReadAction\",\"target\":[\"https:\/\/clinicalamerced.com\/co\/derechos-y-deberes-de-los-pacientes\/\"]}]},{\"@type\":\"BreadcrumbList\",\"@id\":\"https:\/\/clinicalamerced.com\/co\/derechos-y-deberes-de-los-pacientes\/#breadcrumb\",\"itemListElement\":[{\"@type\":\"ListItem\",\"position\":1,\"name\":\"Portada\",\"item\":\"https:\/\/clinicalamerced.com\/co\/\"},{\"@type\":\"ListItem\",\"position\":2,\"name\":\"Derechos y Deberes de los Pacientes\"}]},{\"@type\":\"WebSite\",\"@id\":\"https:\/\/clinicalamerced.com\/co\/#website\",\"url\":\"https:\/\/clinicalamerced.com\/co\/\",\"name\":\"Clinica La Merced\",\"description\":\"La Cl\u00ednica fundamenta su accionar en una excelente calidad, basada en la normatividad legal vigente.\",\"potentialAction\":[{\"@type\":\"SearchAction\",\"target\":{\"@type\":\"EntryPoint\",\"urlTemplate\":\"https:\/\/clinicalamerced.com\/co\/?s={search_term_string}\"},\"query-input\":{\"@type\":\"PropertyValueSpecification\",\"valueRequired\":true,\"valueName\":\"search_term_string\"}}],\"inLanguage\":\"es\"}]}<\/script>\n<!-- \/ Yoast SEO plugin. -->","yoast_head_json":{"title":"Derechos y Deberes de los Pacientes - Clinica La Merced","robots":{"index":"index","follow":"follow","max-snippet":"max-snippet:-1","max-image-preview":"max-image-preview:large","max-video-preview":"max-video-preview:-1"},"canonical":"https:\/\/clinicalamerced.com\/co\/derechos-y-deberes-de-los-pacientes\/","og_locale":"es_ES","og_type":"article","og_title":"Derechos y Deberes de los Pacientes - Clinica La Merced","og_url":"https:\/\/clinicalamerced.com\/co\/derechos-y-deberes-de-los-pacientes\/","og_site_name":"Clinica La Merced","article_modified_time":"2024-10-28T23:12:46+00:00","twitter_card":"summary_large_image","twitter_misc":{"Tiempo de lectura":"2 minutos"},"schema":{"@context":"https:\/\/schema.org","@graph":[{"@type":"WebPage","@id":"https:\/\/clinicalamerced.com\/co\/derechos-y-deberes-de-los-pacientes\/","url":"https:\/\/clinicalamerced.com\/co\/derechos-y-deberes-de-los-pacientes\/","name":"Derechos y Deberes de los Pacientes - Clinica La Merced","isPartOf":{"@id":"https:\/\/clinicalamerced.com\/co\/#website"},"datePublished":"2019-12-20T03:54:04+00:00","dateModified":"2024-10-28T23:12:46+00:00","breadcrumb":{"@id":"https:\/\/clinicalamerced.com\/co\/derechos-y-deberes-de-los-pacientes\/#breadcrumb"},"inLanguage":"es","potentialAction":[{"@type":"ReadAction","target":["https:\/\/clinicalamerced.com\/co\/derechos-y-deberes-de-los-pacientes\/"]}]},{"@type":"BreadcrumbList","@id":"https:\/\/clinicalamerced.com\/co\/derechos-y-deberes-de-los-pacientes\/#breadcrumb","itemListElement":[{"@type":"ListItem","position":1,"name":"Portada","item":"https:\/\/clinicalamerced.com\/co\/"},{"@type":"ListItem","position":2,"name":"Derechos y Deberes de los Pacientes"}]},{"@type":"WebSite","@id":"https:\/\/clinicalamerced.com\/co\/#website","url":"https:\/\/clinicalamerced.com\/co\/","name":"Clinica La Merced","description":"La Cl\u00ednica fundamenta su accionar en una excelente calidad, basada en la normatividad legal vigente.","potentialAction":[{"@type":"SearchAction","target":{"@type":"EntryPoint","urlTemplate":"https:\/\/clinicalamerced.com\/co\/?s={search_term_string}"},"query-input":{"@type":"PropertyValueSpecification","valueRequired":true,"valueName":"search_term_string"}}],"inLanguage":"es"}]}},"_links":{"self":[{"href":"https:\/\/clinicalamerced.com\/co\/wp-json\/wp\/v2\/pages\/13956","targetHints":{"allow":["GET"]}}],"collection":[{"href":"https:\/\/clinicalamerced.com\/co\/wp-json\/wp\/v2\/pages"}],"about":[{"href":"https:\/\/clinicalamerced.com\/co\/wp-json\/wp\/v2\/types\/page"}],"author":[{"embeddable":true,"href":"https:\/\/clinicalamerced.com\/co\/wp-json\/wp\/v2\/users\/1"}],"replies":[{"embeddable":true,"href":"https:\/\/clinicalamerced.com\/co\/wp-json\/wp\/v2\/comments?post=13956"}],"version-history":[{"count":1,"href":"https:\/\/clinicalamerced.com\/co\/wp-json\/wp\/v2\/pages\/13956\/revisions"}],"predecessor-version":[{"id":15654,"href":"https:\/\/clinicalamerced.com\/co\/wp-json\/wp\/v2\/pages\/13956\/revisions\/15654"}],"wp:attachment":[{"href":"https:\/\/clinicalamerced.com\/co\/wp-json\/wp\/v2\/media?parent=13956"}],"curies":[{"name":"wp","href":"https:\/\/api.w.org\/{rel}","templated":true}]}}